{"id":752,"date":"2025-12-05T10:37:11","date_gmt":"2025-12-05T09:37:11","guid":{"rendered":"https:\/\/lescorones.cat\/contact\/"},"modified":"2026-01-26T11:07:57","modified_gmt":"2026-01-26T10:07:57","slug":"contact","status":"publish","type":"page","link":"https:\/\/lescorones.cat\/fr\/contact\/","title":{"rendered":"Contact"},"content":{"rendered":"\t\t<div data-elementor-type=\"wp-page\" data-elementor-id=\"752\" class=\"elementor elementor-752 elementor-240\" data-elementor-post-type=\"page\">\n\t\t\t\t<div class=\"elementor-element elementor-element-9651c8c e-con-full e-flex e-con e-parent\" data-id=\"9651c8c\" data-element_type=\"container\" data-e-type=\"container\" data-settings=\"{&quot;background_background&quot;:&quot;classic&quot;}\">\n\t\t<div class=\"elementor-element elementor-element-f226255 e-con-full e-flex e-con e-child\" data-id=\"f226255\" data-element_type=\"container\" data-e-type=\"container\">\n\t\t\t\t<div class=\"elementor-element elementor-element-9fb0e9f animated-slow elementor-invisible elementor-widget elementor-widget-text-editor\" data-id=\"9fb0e9f\" data-element_type=\"widget\" data-e-type=\"widget\" data-settings=\"{&quot;_animation&quot;:&quot;fadeIn&quot;}\" data-widget_type=\"text-editor.default\">\n\t\t\t\t\t\t\t\t\t<p>Les Corones<\/p>\t\t\t\t\t\t\t\t<\/div>\n\t\t\t\t<div class=\"elementor-element elementor-element-0e11c0c animated-slow elementor-invisible elementor-widget elementor-widget-heading\" data-id=\"0e11c0c\" data-element_type=\"widget\" data-e-type=\"widget\" data-settings=\"{&quot;_animation&quot;:&quot;fadeIn&quot;,&quot;_animation_delay&quot;:200}\" data-widget_type=\"heading.default\">\n\t\t\t\t\t<h1 class=\"elementor-heading-title elementor-size-default\">Nous sommes \u00e0 l'Estartit<\/h1>\t\t\t\t<\/div>\n\t\t\t\t<div class=\"elementor-element elementor-element-6e362df animated-slow elementor-invisible elementor-widget elementor-widget-text-editor\" data-id=\"6e362df\" data-element_type=\"widget\" data-e-type=\"widget\" data-settings=\"{&quot;_animation&quot;:&quot;fadeIn&quot;,&quot;_animation_delay&quot;:400}\" data-widget_type=\"text-editor.default\">\n\t\t\t\t\t\t\t\t\t<p>Au c\u0153ur du Parc Naturel du Montgr\u00ed, des \u00eeles Medes et du Baix Ter<\/p>\t\t\t\t\t\t\t\t<\/div>\n\t\t\t\t<div class=\"elementor-element elementor-element-67bc220 animated-slow elementor-invisible elementor-widget elementor-widget-button\" data-id=\"67bc220\" data-element_type=\"widget\" data-e-type=\"widget\" data-settings=\"{&quot;_animation&quot;:&quot;fadeIn&quot;,&quot;_animation_delay&quot;:600}\" data-widget_type=\"button.default\">\n\t\t\t\t\t\t\t\t\t\t<a class=\"elementor-button elementor-button-link elementor-size-sm\" href=\"https:\/\/lescorones.cat\/fr\/reservations\/\">\n\t\t\t\t\t\t<span class=\"elementor-button-content-wrapper\">\n\t\t\t\t\t\t\t\t\t<span class=\"elementor-button-text\">R\u00e9servez votre table<\/span>\n\t\t\t\t\t<\/span>\n\t\t\t\t\t<\/a>\n\t\t\t\t\t\t\t\t<\/div>\n\t\t\t\t<\/div>\n\t\t<div class=\"elementor-element elementor-element-b088b77 e-con-full animated-slow e-flex elementor-invisible e-con e-child\" data-id=\"b088b77\" data-element_type=\"container\" data-e-type=\"container\" data-settings=\"{&quot;animation&quot;:&quot;fadeIn&quot;,&quot;animation_delay&quot;:600}\">\n\t\t\t\t<div class=\"elementor-element elementor-element-189bd99 elementor-widget elementor-widget-text-editor\" data-id=\"189bd99\" data-element_type=\"widget\" data-e-type=\"widget\" data-widget_type=\"text-editor.default\">\n\t\t\t\t\t\t\t\t\t<p>Le Parc Naturel du Montgr\u00ed, des \u00eeles Medes et du Baix Ter offre de nombreuses possibilit\u00e9s de visites et d&rsquo;activit\u00e9s dans un environnement naturel de grande qualit\u00e9 paysag\u00e8re, avec un patrimoine naturel et historique tr\u00e8s proche de nous :<\/p><ul><li><a href=\"https:\/\/parcsnaturals.gencat.cat\/ca\/xarxa-de-parcs\/illes-medes\/el-parc\/\" target=\"_blank\" rel=\"noopener\">Guide du Parc<\/a><\/li><li><a href=\"https:\/\/parcsnaturals.gencat.cat\/ca\/xarxa-de-parcs\/illes-medes\/el-parc\/\" target=\"_blank\" rel=\"noopener\">Activit\u00e9s possibles<\/a><\/li><li><a href=\"https:\/\/parcsnaturals.gencat.cat\/ca\/xarxa-de-parcs\/illes-medes\/el-parc\/\" target=\"_blank\" rel=\"noopener\">Agenda des activit\u00e9s gratuites programm\u00e9es<\/a><\/li><\/ul>\t\t\t\t\t\t\t\t<\/div>\n\t\t\t\t<\/div>\n\t\t\t\t<\/div>\n\t\t<div class=\"elementor-element elementor-element-60ab778 e-con-full e-flex e-con e-parent\" data-id=\"60ab778\" data-element_type=\"container\" data-e-type=\"container\">\n\t\t<div class=\"elementor-element elementor-element-de46398 e-con-full e-flex e-con e-child\" data-id=\"de46398\" data-element_type=\"container\" data-e-type=\"container\">\n\t\t\t\t<div class=\"elementor-element elementor-element-196b634 animated-slow elementor-invisible elementor-widget elementor-widget-heading\" data-id=\"196b634\" data-element_type=\"widget\" data-e-type=\"widget\" data-settings=\"{&quot;_animation&quot;:&quot;fadeIn&quot;}\" data-widget_type=\"heading.default\">\n\t\t\t\t\t<h2 class=\"elementor-heading-title elementor-size-default\">Si vous souhaitez offrir un ch\u00e8que-cadeau<\/h2>\t\t\t\t<\/div>\n\t\t\t\t<div class=\"elementor-element elementor-element-ce7d341 animated-slow elementor-invisible elementor-widget elementor-widget-text-editor\" data-id=\"ce7d341\" data-element_type=\"widget\" data-e-type=\"widget\" data-settings=\"{&quot;_animation&quot;:&quot;fadeIn&quot;,&quot;_animation_delay&quot;:200}\" data-widget_type=\"text-editor.default\">\n\t\t\t\t\t\t\t\t\t<p>Indiquez-nous quel ch\u00e8que-cadeau vous souhaitez offrir. Nous vous ferons parvenir les conditions d&rsquo;utilisation et le mode de paiement par courrier \u00e9lectronique. <\/p>\t\t\t\t\t\t\t\t<\/div>\n\t\t\t\t<\/div>\n\t\t<div class=\"elementor-element elementor-element-e5995c6 e-con-full e-flex e-con e-child\" data-id=\"e5995c6\" data-element_type=\"container\" data-e-type=\"container\">\n\t\t\t\t<div class=\"elementor-element elementor-element-489254c elementor-button-align-start animated-slow elementor-invisible elementor-widget elementor-widget-form\" data-id=\"489254c\" data-element_type=\"widget\" data-e-type=\"widget\" data-settings=\"{&quot;step_next_label&quot;:&quot;Suivant&quot;,&quot;step_previous_label&quot;:&quot;Pr\\u00e9c\\u00e9dent&quot;,&quot;_animation&quot;:&quot;fadeIn&quot;,&quot;_animation_delay&quot;:400,&quot;button_width&quot;:&quot;100&quot;,&quot;step_type&quot;:&quot;number_text&quot;,&quot;step_icon_shape&quot;:&quot;circle&quot;}\" data-widget_type=\"form.default\">\n\t\t\t\t\t\t\t<form class=\"elementor-form\" method=\"post\" name=\"Formulaire de contact\" aria-label=\"Formulaire de contact\">\n\t\t\t<input type=\"hidden\" name=\"post_id\" value=\"752\"\/>\n\t\t\t<input type=\"hidden\" name=\"form_id\" value=\"489254c\"\/>\n\t\t\t<input type=\"hidden\" name=\"referer_title\" value=\"Contact | Restaurant Les Corones\" \/>\n\n\t\t\t\t\t\t\t<input type=\"hidden\" name=\"queried_id\" value=\"752\"\/>\n\t\t\t\n\t\t\t<div class=\"elementor-form-fields-wrapper elementor-labels-\">\n\t\t\t\t\t\t\t\t<div class=\"elementor-field-type-text elementor-field-group elementor-column elementor-field-group-name elementor-col-50 elementor-field-required\">\n\t\t\t\t\t\t\t\t\t\t\t\t<label for=\"form-field-name\" class=\"elementor-field-label elementor-screen-only\">\n\t\t\t\t\t\t\t\tNom\t\t\t\t\t\t\t<\/label>\n\t\t\t\t\t\t\t\t\t\t\t\t\t\t<input size=\"1\" type=\"text\" name=\"form_fields[name]\" id=\"form-field-name\" class=\"elementor-field elementor-size-sm  elementor-field-textual\" placeholder=\"Nom\" required=\"required\">\n\t\t\t\t\t\t\t\t\t\t\t<\/div>\n\t\t\t\t\t\t\t\t<div class=\"elementor-field-type-text elementor-field-group elementor-column elementor-field-group-field_b1a44f1 elementor-col-50 elementor-field-required\">\n\t\t\t\t\t\t\t\t\t\t\t\t<label for=\"form-field-field_b1a44f1\" class=\"elementor-field-label elementor-screen-only\">\n\t\t\t\t\t\t\t\tNom de famille\t\t\t\t\t\t\t<\/label>\n\t\t\t\t\t\t\t\t\t\t\t\t\t\t<input size=\"1\" type=\"text\" name=\"form_fields[field_b1a44f1]\" id=\"form-field-field_b1a44f1\" class=\"elementor-field elementor-size-sm  elementor-field-textual\" placeholder=\"Nom de famille\" required=\"required\">\n\t\t\t\t\t\t\t\t\t\t\t<\/div>\n\t\t\t\t\t\t\t\t<div class=\"elementor-field-type-tel elementor-field-group elementor-column elementor-field-group-email elementor-col-50 elementor-field-required\">\n\t\t\t\t\t\t\t\t\t\t\t\t<label for=\"form-field-email\" class=\"elementor-field-label elementor-screen-only\">\n\t\t\t\t\t\t\t\tT\u00e9l\u00e9phone\t\t\t\t\t\t\t<\/label>\n\t\t\t\t\t\t\t\t<input size=\"1\" type=\"tel\" name=\"form_fields[email]\" id=\"form-field-email\" class=\"elementor-field elementor-size-sm  elementor-field-textual\" placeholder=\"T\u00e9l\u00e9phone\" required=\"required\" pattern=\"[0-9()#&amp;+*-=.]+\" title=\"Seuls les caract\u00e8res de num\u00e9ros de t\u00e9l\u00e9phone (#, -, *, etc.) sont accept\u00e9s.\">\n\n\t\t\t\t\t\t<\/div>\n\t\t\t\t\t\t\t\t<div class=\"elementor-field-type-email elementor-field-group elementor-column elementor-field-group-field_7ffa0b4 elementor-col-50 elementor-field-required\">\n\t\t\t\t\t\t\t\t\t\t\t\t<label for=\"form-field-field_7ffa0b4\" class=\"elementor-field-label elementor-screen-only\">\n\t\t\t\t\t\t\t\tAdresse e-mail\t\t\t\t\t\t\t<\/label>\n\t\t\t\t\t\t\t\t\t\t\t\t\t\t<input size=\"1\" type=\"email\" name=\"form_fields[field_7ffa0b4]\" id=\"form-field-field_7ffa0b4\" class=\"elementor-field elementor-size-sm  elementor-field-textual\" placeholder=\"Adresse e-mail\" required=\"required\">\n\t\t\t\t\t\t\t\t\t\t\t<\/div>\n\t\t\t\t\t\t\t\t<div class=\"elementor-field-type-select elementor-field-group elementor-column elementor-field-group-field_79f72a4 elementor-col-100\">\n\t\t\t\t\t\t\t\t\t\t\t\t<label for=\"form-field-field_79f72a4\" class=\"elementor-field-label elementor-screen-only\">\n\t\t\t\t\t\t\t\tChoisissez votre cadeau\t\t\t\t\t\t\t<\/label>\n\t\t\t\t\t\t\t\t<div class=\"elementor-field elementor-select-wrapper remove-before \">\n\t\t\t<div class=\"select-caret-down-wrapper\">\n\t\t\t\t<svg aria-hidden=\"true\" class=\"e-font-icon-svg e-eicon-caret-down\" viewBox=\"0 0 571.4 571.4\" xmlns=\"http:\/\/www.w3.org\/2000\/svg\"><path d=\"M571 393Q571 407 561 418L311 668Q300 679 286 679T261 668L11 418Q0 407 0 393T11 368 36 357H536Q550 357 561 368T571 393Z\"><\/path><\/svg>\t\t\t<\/div>\n\t\t\t<select name=\"form_fields[field_79f72a4]\" id=\"form-field-field_79f72a4\" class=\"elementor-field-textual elementor-size-sm\">\n\t\t\t\t\t\t\t\t\t<option value=\"Choisissez votre ch\u00e8que-cadeau\">Choisissez votre ch\u00e8que-cadeau<\/option>\n\t\t\t\t\t\t\t\t\t<option value=\"Menu sp\u00e9cial journ\u00e9es du sonso\">Menu sp\u00e9cial journ\u00e9es du sonso<\/option>\n\t\t\t\t\t\t\t\t\t<option value=\"Petit menu Les Corones\">Petit menu Les Corones<\/option>\n\t\t\t\t\t\t\t\t\t<option value=\"Menu Les Corones\">Menu Les Corones<\/option>\n\t\t\t\t\t\t\t\t\t<option value=\"Les Corones menu de d\u00e9gustation\">Les Corones menu de d\u00e9gustation<\/option>\n\t\t\t\t\t\t\t\t\t<option value=\"Sortie avec la Barca N\u00faria et menu de Les Corones\">Sortie avec la Barca N\u00faria et menu de Les Corones<\/option>\n\t\t\t\t\t\t\t<\/select>\n\t\t<\/div>\n\t\t\t\t\t\t<\/div>\n\t\t\t\t\t\t\t\t<div class=\"elementor-field-type-recaptcha_v3 elementor-field-group elementor-column elementor-field-group-field_6bdf193 elementor-col-100 recaptcha_v3-bottomright\">\n\t\t\t\t\t<div class=\"elementor-field\" id=\"form-field-field_6bdf193\"><div class=\"elementor-g-recaptcha\" data-sitekey=\"6Lex-x8sAAAAAJk3M2ruWwmkkAl47r5ysuL_LJAX\" data-type=\"v3\" data-action=\"Form\" data-badge=\"bottomright\" data-size=\"invisible\"><\/div><\/div>\t\t\t\t<\/div>\n\t\t\t\t\t\t\t\t<div class=\"elementor-field-type-acceptance elementor-field-group elementor-column elementor-field-group-field_af8ab8b elementor-col-100 elementor-field-required\">\n\t\t\t\t\t\t\t\t\t\t\t\t<label for=\"form-field-field_af8ab8b\" class=\"elementor-field-label elementor-screen-only\">\n\t\t\t\t\t\t\t\tAcceptation\t\t\t\t\t\t\t<\/label>\n\t\t\t\t\t\t\t\t<div class=\"elementor-field-subgroup\">\n\t\t\t<span class=\"elementor-field-option\">\n\t\t\t\t<input type=\"checkbox\" name=\"form_fields[field_af8ab8b]\" id=\"form-field-field_af8ab8b\" class=\"elementor-field elementor-size-sm  elementor-acceptance-field\" required=\"required\">\n\t\t\t\t<label for=\"form-field-field_af8ab8b\"><font size=\"2\">  \n  J'accepte la gestion de mes donn\u00e9es comme indiqu\u00e9 dans la politique de confidentialit\u00e9.\n<\/font><\/label>\t\t\t<\/span>\n\t\t<\/div>\n\t\t\t\t\t\t<\/div>\n\t\t\t\t\t\t\t\t<div class=\"elementor-field-group elementor-column elementor-field-type-submit elementor-col-100 e-form__buttons\">\n\t\t\t\t\t<button class=\"elementor-button elementor-size-sm\" type=\"submit\">\n\t\t\t\t\t\t<span class=\"elementor-button-content-wrapper\">\n\t\t\t\t\t\t\t\t\t\t\t\t\t\t\t\t\t\t\t\t\t\t<span class=\"elementor-button-text\">Envoyer<\/span>\n\t\t\t\t\t\t\t\t\t\t\t\t\t<\/span>\n\t\t\t\t\t<\/button>\n\t\t\t\t<\/div>\n\t\t\t<\/div>\n\t\t<\/form>\n\t\t\t\t\t\t<\/div>\n\t\t\t\t<\/div>\n\t\t\t\t<\/div>\n\t\t<div class=\"elementor-element elementor-element-7ef71aa e-con-full e-flex e-con e-parent\" data-id=\"7ef71aa\" data-element_type=\"container\" data-e-type=\"container\">\n\t\t\t\t<div class=\"elementor-element elementor-element-ab6d9a1 elementor-widget elementor-widget-google_maps\" data-id=\"ab6d9a1\" data-element_type=\"widget\" data-e-type=\"widget\" data-widget_type=\"google_maps.default\">\n\t\t\t\t\t\t\t<div class=\"elementor-custom-embed\">\n\t\t\t<iframe loading=\"lazy\"\n\t\t\t\t\tsrc=\"https:\/\/maps.google.com\/maps?q=Restaurant%20Les%20Corones%20Avinguda%20de%20Roma%2C%2050%2017258%20l%27Estartit&#038;t=m&#038;z=15&#038;output=embed&#038;iwloc=near\"\n\t\t\t\t\ttitle=\"Restaurant Les Corones Avinguda de Roma, 50 17258 l&#039;Estartit\"\n\t\t\t\t\taria-label=\"Restaurant Les Corones Avinguda de Roma, 50 17258 l&#039;Estartit\"\n\t\t\t><\/iframe>\n\t\t<\/div>\n\t\t\t\t\t\t<\/div>\n\t\t\t\t<\/div>\n\t\t\t\t<\/div>\n\t\t","protected":false},"excerpt":{"rendered":"<p>Les Corones Nous sommes \u00e0 l&rsquo;Estartit Au c\u0153ur du Parc Naturel du Montgr\u00ed, des \u00eeles Medes et du Baix Ter R\u00e9servez votre table Le Parc Naturel du Montgr\u00ed, des \u00eeles Medes et du Baix Ter offre de nombreuses possibilit\u00e9s de visites et d&rsquo;activit\u00e9s dans un environnement naturel de grande qualit\u00e9 paysag\u00e8re, avec un patrimoine naturel [&hellip;]<\/p>\n","protected":false},"author":1,"featured_media":0,"parent":0,"menu_order":0,"comment_status":"closed","ping_status":"closed","template":"","meta":{"footnotes":""},"class_list":["post-752","page","type-page","status-publish","hentry"],"yoast_head":"<!-- This site is optimized with the Yoast SEO plugin v27.4 - https:\/\/yoast.com\/product\/yoast-seo-wordpress\/ -->\n<title>Contact | Restaurant Les Corones<\/title>\n<meta name=\"description\" content=\"Consultations, informations, ch\u00e8ques-cadeaux et r\u00e9servations. Nous sommes \u00e0 L\u2019Estartit, en plein c\u0153ur du Parc Naturel du Montgr\u00ed et des \u00eeles Medes.\" \/>\n<meta name=\"robots\" content=\"index, follow, max-snippet:-1, max-image-preview:large, max-video-preview:-1\" \/>\n<link rel=\"canonical\" href=\"https:\/\/lescorones.cat\/fr\/contact\/\" \/>\n<meta property=\"og:locale\" content=\"fr_FR\" \/>\n<meta property=\"og:type\" content=\"article\" \/>\n<meta property=\"og:title\" content=\"Contact | Restaurant Les Corones\" \/>\n<meta property=\"og:description\" content=\"Consultations, informations, ch\u00e8ques-cadeaux et r\u00e9servations. Nous sommes \u00e0 L\u2019Estartit, en plein c\u0153ur du Parc Naturel du Montgr\u00ed et des \u00eeles Medes.\" \/>\n<meta property=\"og:url\" content=\"https:\/\/lescorones.cat\/fr\/contact\/\" \/>\n<meta property=\"og:site_name\" content=\"Restaurant braseria Les Corones\" \/>\n<meta property=\"article:modified_time\" content=\"2026-01-26T10:07:57+00:00\" \/>\n<meta name=\"twitter:card\" content=\"summary_large_image\" \/>\n<meta name=\"twitter:label1\" content=\"Dur\u00e9e de lecture estim\u00e9e\" \/>\n\t<meta name=\"twitter:data1\" content=\"1 minute\" \/>\n<script type=\"application\/ld+json\" class=\"yoast-schema-graph\">{\"@context\":\"https:\\\/\\\/schema.org\",\"@graph\":[{\"@type\":\"WebPage\",\"@id\":\"https:\\\/\\\/lescorones.cat\\\/fr\\\/contact\\\/\",\"url\":\"https:\\\/\\\/lescorones.cat\\\/fr\\\/contact\\\/\",\"name\":\"Contact | Restaurant Les Corones\",\"isPartOf\":{\"@id\":\"https:\\\/\\\/lescorones.cat\\\/fr\\\/#website\"},\"datePublished\":\"2025-12-05T09:37:11+00:00\",\"dateModified\":\"2026-01-26T10:07:57+00:00\",\"description\":\"Consultations, informations, ch\u00e8ques-cadeaux et r\u00e9servations. Nous sommes \u00e0 L\u2019Estartit, en plein c\u0153ur du Parc Naturel du Montgr\u00ed et des \u00eeles Medes.\",\"breadcrumb\":{\"@id\":\"https:\\\/\\\/lescorones.cat\\\/fr\\\/contact\\\/#breadcrumb\"},\"inLanguage\":\"fr-FR\",\"potentialAction\":[{\"@type\":\"ReadAction\",\"target\":[\"https:\\\/\\\/lescorones.cat\\\/fr\\\/contact\\\/\"]}]},{\"@type\":\"BreadcrumbList\",\"@id\":\"https:\\\/\\\/lescorones.cat\\\/fr\\\/contact\\\/#breadcrumb\",\"itemListElement\":[{\"@type\":\"ListItem\",\"position\":1,\"name\":\"Inici\",\"item\":\"https:\\\/\\\/lescorones.cat\\\/fr\\\/accueil\\\/\"},{\"@type\":\"ListItem\",\"position\":2,\"name\":\"Contact\"}]},{\"@type\":\"WebSite\",\"@id\":\"https:\\\/\\\/lescorones.cat\\\/fr\\\/#website\",\"url\":\"https:\\\/\\\/lescorones.cat\\\/fr\\\/\",\"name\":\"Restaurant braseria Les Corones\",\"description\":\"Restaurant Les Corones, especialitzat en peix a la brasa a l&#039;Estartit\",\"publisher\":{\"@id\":\"https:\\\/\\\/lescorones.cat\\\/fr\\\/#organization\"},\"potentialAction\":[{\"@type\":\"SearchAction\",\"target\":{\"@type\":\"EntryPoint\",\"urlTemplate\":\"https:\\\/\\\/lescorones.cat\\\/fr\\\/?s={search_term_string}\"},\"query-input\":{\"@type\":\"PropertyValueSpecification\",\"valueRequired\":true,\"valueName\":\"search_term_string\"}}],\"inLanguage\":\"fr-FR\"},{\"@type\":\"Organization\",\"@id\":\"https:\\\/\\\/lescorones.cat\\\/fr\\\/#organization\",\"name\":\"Restaurant braseria Les Corones\",\"url\":\"https:\\\/\\\/lescorones.cat\\\/fr\\\/\",\"logo\":{\"@type\":\"ImageObject\",\"inLanguage\":\"fr-FR\",\"@id\":\"https:\\\/\\\/lescorones.cat\\\/fr\\\/#\\\/schema\\\/logo\\\/image\\\/\",\"url\":\"https:\\\/\\\/lescorones.cat\\\/wp-content\\\/uploads\\\/2025\\\/12\\\/VERSIO_HORITZONTAL_WEB_Apaisat.jpg\",\"contentUrl\":\"https:\\\/\\\/lescorones.cat\\\/wp-content\\\/uploads\\\/2025\\\/12\\\/VERSIO_HORITZONTAL_WEB_Apaisat.jpg\",\"width\":1754,\"height\":500,\"caption\":\"Restaurant braseria Les Corones\"},\"image\":{\"@id\":\"https:\\\/\\\/lescorones.cat\\\/fr\\\/#\\\/schema\\\/logo\\\/image\\\/\"}}]}<\/script>\n<!-- \/ Yoast SEO plugin. -->","yoast_head_json":{"title":"Contact | Restaurant Les Corones","description":"Consultations, informations, ch\u00e8ques-cadeaux et r\u00e9servations. Nous sommes \u00e0 L\u2019Estartit, en plein c\u0153ur du Parc Naturel du Montgr\u00ed et des \u00eeles Medes.","robots":{"index":"index","follow":"follow","max-snippet":"max-snippet:-1","max-image-preview":"max-image-preview:large","max-video-preview":"max-video-preview:-1"},"canonical":"https:\/\/lescorones.cat\/fr\/contact\/","og_locale":"fr_FR","og_type":"article","og_title":"Contact | Restaurant Les Corones","og_description":"Consultations, informations, ch\u00e8ques-cadeaux et r\u00e9servations. Nous sommes \u00e0 L\u2019Estartit, en plein c\u0153ur du Parc Naturel du Montgr\u00ed et des \u00eeles Medes.","og_url":"https:\/\/lescorones.cat\/fr\/contact\/","og_site_name":"Restaurant braseria Les Corones","article_modified_time":"2026-01-26T10:07:57+00:00","twitter_card":"summary_large_image","twitter_misc":{"Dur\u00e9e de lecture estim\u00e9e":"1 minute"},"schema":{"@context":"https:\/\/schema.org","@graph":[{"@type":"WebPage","@id":"https:\/\/lescorones.cat\/fr\/contact\/","url":"https:\/\/lescorones.cat\/fr\/contact\/","name":"Contact | Restaurant Les Corones","isPartOf":{"@id":"https:\/\/lescorones.cat\/fr\/#website"},"datePublished":"2025-12-05T09:37:11+00:00","dateModified":"2026-01-26T10:07:57+00:00","description":"Consultations, informations, ch\u00e8ques-cadeaux et r\u00e9servations. Nous sommes \u00e0 L\u2019Estartit, en plein c\u0153ur du Parc Naturel du Montgr\u00ed et des \u00eeles Medes.","breadcrumb":{"@id":"https:\/\/lescorones.cat\/fr\/contact\/#breadcrumb"},"inLanguage":"fr-FR","potentialAction":[{"@type":"ReadAction","target":["https:\/\/lescorones.cat\/fr\/contact\/"]}]},{"@type":"BreadcrumbList","@id":"https:\/\/lescorones.cat\/fr\/contact\/#breadcrumb","itemListElement":[{"@type":"ListItem","position":1,"name":"Inici","item":"https:\/\/lescorones.cat\/fr\/accueil\/"},{"@type":"ListItem","position":2,"name":"Contact"}]},{"@type":"WebSite","@id":"https:\/\/lescorones.cat\/fr\/#website","url":"https:\/\/lescorones.cat\/fr\/","name":"Restaurant braseria Les Corones","description":"Restaurant Les Corones, especialitzat en peix a la brasa a l&#039;Estartit","publisher":{"@id":"https:\/\/lescorones.cat\/fr\/#organization"},"potentialAction":[{"@type":"SearchAction","target":{"@type":"EntryPoint","urlTemplate":"https:\/\/lescorones.cat\/fr\/?s={search_term_string}"},"query-input":{"@type":"PropertyValueSpecification","valueRequired":true,"valueName":"search_term_string"}}],"inLanguage":"fr-FR"},{"@type":"Organization","@id":"https:\/\/lescorones.cat\/fr\/#organization","name":"Restaurant braseria Les Corones","url":"https:\/\/lescorones.cat\/fr\/","logo":{"@type":"ImageObject","inLanguage":"fr-FR","@id":"https:\/\/lescorones.cat\/fr\/#\/schema\/logo\/image\/","url":"https:\/\/lescorones.cat\/wp-content\/uploads\/2025\/12\/VERSIO_HORITZONTAL_WEB_Apaisat.jpg","contentUrl":"https:\/\/lescorones.cat\/wp-content\/uploads\/2025\/12\/VERSIO_HORITZONTAL_WEB_Apaisat.jpg","width":1754,"height":500,"caption":"Restaurant braseria Les Corones"},"image":{"@id":"https:\/\/lescorones.cat\/fr\/#\/schema\/logo\/image\/"}}]}},"_links":{"self":[{"href":"https:\/\/lescorones.cat\/fr\/wp-json\/wp\/v2\/pages\/752","targetHints":{"allow":["GET"]}}],"collection":[{"href":"https:\/\/lescorones.cat\/fr\/wp-json\/wp\/v2\/pages"}],"about":[{"href":"https:\/\/lescorones.cat\/fr\/wp-json\/wp\/v2\/types\/page"}],"author":[{"embeddable":true,"href":"https:\/\/lescorones.cat\/fr\/wp-json\/wp\/v2\/users\/1"}],"replies":[{"embeddable":true,"href":"https:\/\/lescorones.cat\/fr\/wp-json\/wp\/v2\/comments?post=752"}],"version-history":[{"count":4,"href":"https:\/\/lescorones.cat\/fr\/wp-json\/wp\/v2\/pages\/752\/revisions"}],"predecessor-version":[{"id":1214,"href":"https:\/\/lescorones.cat\/fr\/wp-json\/wp\/v2\/pages\/752\/revisions\/1214"}],"wp:attachment":[{"href":"https:\/\/lescorones.cat\/fr\/wp-json\/wp\/v2\/media?parent=752"}],"curies":[{"name":"wp","href":"https:\/\/api.w.org\/{rel}","templated":true}]}}