{"id":735,"date":"2025-12-05T10:38:00","date_gmt":"2025-12-05T09:38:00","guid":{"rendered":"https:\/\/lescorones.cat\/reservations\/"},"modified":"2025-12-15T12:20:44","modified_gmt":"2025-12-15T11:20:44","slug":"reservations","status":"publish","type":"page","link":"https:\/\/lescorones.cat\/fr\/reservations\/","title":{"rendered":"R\u00e9servations"},"content":{"rendered":"\t\t<div data-elementor-type=\"wp-page\" data-elementor-id=\"735\" class=\"elementor elementor-735 elementor-244\" data-elementor-post-type=\"page\">\n\t\t\t\t<div class=\"elementor-element elementor-element-6f4fe62 e-con-full e-flex e-con e-parent\" data-id=\"6f4fe62\" data-element_type=\"container\" data-e-type=\"container\" data-settings=\"{&quot;background_background&quot;:&quot;classic&quot;}\">\n\t\t<div class=\"elementor-element elementor-element-e0ff350 e-con-full e-flex e-con e-child\" data-id=\"e0ff350\" data-element_type=\"container\" data-e-type=\"container\">\n\t\t\t\t<div class=\"elementor-element elementor-element-219cbf5 animated-slow elementor-invisible elementor-widget elementor-widget-text-editor\" data-id=\"219cbf5\" data-element_type=\"widget\" data-e-type=\"widget\" data-settings=\"{&quot;_animation&quot;:&quot;fadeIn&quot;}\" data-widget_type=\"text-editor.default\">\n\t\t\t\t\t\t\t\t\t<p>Les Corones<\/p>\t\t\t\t\t\t\t\t<\/div>\n\t\t\t\t<div class=\"elementor-element elementor-element-32e365e animated-slow elementor-invisible elementor-widget elementor-widget-heading\" data-id=\"32e365e\" data-element_type=\"widget\" data-e-type=\"widget\" data-settings=\"{&quot;_animation&quot;:&quot;fadeIn&quot;,&quot;_animation_delay&quot;:200}\" data-widget_type=\"heading.default\">\n\t\t\t\t\t<h1 class=\"elementor-heading-title elementor-size-default\">Nous sommes \u00e0 l'Estartit<\/h1>\t\t\t\t<\/div>\n\t\t\t\t<div class=\"elementor-element elementor-element-8380592 animated-slow elementor-invisible elementor-widget elementor-widget-text-editor\" data-id=\"8380592\" data-element_type=\"widget\" data-e-type=\"widget\" data-settings=\"{&quot;_animation&quot;:&quot;fadeIn&quot;,&quot;_animation_delay&quot;:400}\" data-widget_type=\"text-editor.default\">\n\t\t\t\t\t\t\t\t\t<p>En plein c\u0153ur du Parc Naturel du Montgr\u00ed, des \u00celes Medes et du Baix Ter<\/p>\t\t\t\t\t\t\t\t<\/div>\n\t\t\t\t<\/div>\n\t\t<div class=\"elementor-element elementor-element-744bdf3 e-con-full animated-slow e-flex elementor-invisible e-con e-child\" data-id=\"744bdf3\" data-element_type=\"container\" data-e-type=\"container\" data-settings=\"{&quot;animation&quot;:&quot;fadeIn&quot;,&quot;animation_delay&quot;:600}\">\n\t\t\t\t<div class=\"elementor-element elementor-element-ee3eafe elementor-widget elementor-widget-text-editor\" data-id=\"ee3eafe\" data-element_type=\"widget\" data-e-type=\"widget\" data-widget_type=\"text-editor.default\">\n\t\t\t\t\t\t\t\t\t<p><strong>IMPORTANT &#8211; VALIDIT\u00c9 DES R\u00c9SERVATIONS<\/strong><\/p><p>Les r\u00e9servations seront maintenues pendant un maximum de 15 minutes (si le retard n\u2019est pas signal\u00e9 par t\u00e9l\u00e9phone au <a href=\"tel:681210841\">+34 681 21 08 41<\/a>, la r\u00e9servation sera consid\u00e9r\u00e9e comme perdue afin de garantir la qualit\u00e9 de notre service). Les r\u00e9servations ne seront valables que si elles re\u00e7oivent une confirmation \u00e9crite par e-mail.<\/p>\t\t\t\t\t\t\t\t<\/div>\n\t\t\t\t<div class=\"elementor-element elementor-element-15354a4 elementor-widget elementor-widget-text-editor\" data-id=\"15354a4\" data-element_type=\"widget\" data-e-type=\"widget\" data-widget_type=\"text-editor.default\">\n\t\t\t\t\t\t\t\t\t<p><strong>R\u00c9SERVATIONS POUR LES GROUPES<\/strong><\/p><p>TABLES DE PLUS DE 6 PERSONNES<\/p><p>Aux Corones, nous consid\u00e9rons les tables de plus de 6 personnes comme un groupe. Les groupes doivent <a href=\"https:\/\/lescorones.cat\/menus-grups\/\" target=\"_blank\" rel=\"noopener\">choisir l\u2019un des trois menus disponibles<\/a> par table compl\u00e8te. Au moment de la r\u00e9servation, 50 % du montant doit \u00eatre pay\u00e9. Une fois l\u2019acompte re\u00e7u, nous enverrons une confirmation de la r\u00e9servation. Le reste sera pay\u00e9 le jour m\u00eame du repas.<\/p>\t\t\t\t\t\t\t\t<\/div>\n\t\t\t\t<\/div>\n\t\t\t\t<\/div>\n\t\t<div class=\"elementor-element elementor-element-118c98e e-con-full e-flex e-con e-parent\" data-id=\"118c98e\" data-element_type=\"container\" data-e-type=\"container\">\n\t\t<div class=\"elementor-element elementor-element-09d86dd e-con-full e-flex e-con e-child\" data-id=\"09d86dd\" data-element_type=\"container\" data-e-type=\"container\">\n\t\t\t\t<div class=\"elementor-element elementor-element-f49f6c8 animated-slow elementor-invisible elementor-widget elementor-widget-heading\" data-id=\"f49f6c8\" data-element_type=\"widget\" data-e-type=\"widget\" data-settings=\"{&quot;_animation&quot;:&quot;fadeIn&quot;}\" data-widget_type=\"heading.default\">\n\t\t\t\t\t<h2 class=\"elementor-heading-title elementor-size-default\">R\u00e9server en ligne<\/h2>\t\t\t\t<\/div>\n\t\t\t\t<div class=\"elementor-element elementor-element-ca65365 animated-slow elementor-invisible elementor-widget elementor-widget-button\" data-id=\"ca65365\" data-element_type=\"widget\" data-e-type=\"widget\" data-settings=\"{&quot;_animation&quot;:&quot;fadeIn&quot;,&quot;_animation_delay&quot;:200}\" data-widget_type=\"button.default\">\n\t\t\t\t\t\t\t\t\t\t<a class=\"elementor-button elementor-button-link elementor-size-sm\" href=\"https:\/\/lescorones.myrestoo.net\/ca\/standby\/bookings\" target=\"_blank\">\n\t\t\t\t\t\t<span class=\"elementor-button-content-wrapper\">\n\t\t\t\t\t\t\t\t\t<span class=\"elementor-button-text\">R\u00e9server maintenant<\/span>\n\t\t\t\t\t<\/span>\n\t\t\t\t\t<\/a>\n\t\t\t\t\t\t\t\t<\/div>\n\t\t\t\t<\/div>\n\t\t\t\t<\/div>\n\t\t<div class=\"elementor-element elementor-element-98b6ecd e-con-full e-flex e-con e-parent\" data-id=\"98b6ecd\" data-element_type=\"container\" data-e-type=\"container\">\n\t\t<div class=\"elementor-element elementor-element-84a7221 e-con-full e-flex e-con e-child\" data-id=\"84a7221\" data-element_type=\"container\" data-e-type=\"container\">\n\t\t\t\t<div class=\"elementor-element elementor-element-797a04c animated-slow elementor-invisible elementor-widget elementor-widget-heading\" data-id=\"797a04c\" data-element_type=\"widget\" data-e-type=\"widget\" data-settings=\"{&quot;_animation&quot;:&quot;fadeIn&quot;}\" data-widget_type=\"heading.default\">\n\t\t\t\t\t<h2 class=\"elementor-heading-title elementor-size-default\">R\u00e9server par t\u00e9l\u00e9phone<\/h2>\t\t\t\t<\/div>\n\t\t\t\t<div class=\"elementor-element elementor-element-dcd18c4 animated-slow elementor-invisible elementor-widget elementor-widget-text-editor\" data-id=\"dcd18c4\" data-element_type=\"widget\" data-e-type=\"widget\" data-settings=\"{&quot;_animation&quot;:&quot;fadeIn&quot;,&quot;_animation_delay&quot;:200}\" data-widget_type=\"text-editor.default\">\n\t\t\t\t\t\t\t\t\t<p>Aucune r\u00e9servation ne sera valable si elle n\u2019est pas confirm\u00e9e.<\/p>\t\t\t\t\t\t\t\t<\/div>\n\t\t\t\t<div class=\"elementor-element elementor-element-8f47ebc animated-slow elementor-invisible elementor-widget elementor-widget-text-editor\" data-id=\"8f47ebc\" data-element_type=\"widget\" data-e-type=\"widget\" data-settings=\"{&quot;_animation&quot;:&quot;fadeIn&quot;,&quot;_animation_delay&quot;:400}\" data-widget_type=\"text-editor.default\">\n\t\t\t\t\t\t\t\t\t<p>La confirmation consiste en un message qui dit&nbsp;: \u00ab&nbsp;La r\u00e9servation est confirm\u00e9e&nbsp;\u00bb et pr\u00e9cise le jour et l\u2019heure de la r\u00e9servation ainsi que le nombre de personnes que comprend la r\u00e9servation.<\/p><p>Dans ce message de confirmation, il y a \u00e9galement ces options&nbsp;:<\/p><ul><li>Avertir de la r\u00e9servation ses accompagnants par WhatsApp ou par courriel<\/li><li>Voir notre carte<\/li><li>Ajouter sa r\u00e9servation \u00e0 son calendrier<\/li><li>Annuler sa r\u00e9servation<\/li><li>Indications pour arriver \u00e0 notre restaurant<\/li><\/ul>\t\t\t\t\t\t\t\t<\/div>\n\t\t\t\t<div class=\"elementor-element elementor-element-d1077c3 animated-slow elementor-invisible elementor-widget elementor-widget-button\" data-id=\"d1077c3\" data-element_type=\"widget\" data-e-type=\"widget\" data-settings=\"{&quot;_animation&quot;:&quot;fadeIn&quot;,&quot;_animation_delay&quot;:600}\" data-widget_type=\"button.default\">\n\t\t\t\t\t\t\t\t\t\t<a class=\"elementor-button elementor-button-link elementor-size-sm\" href=\"tel:681210841\" target=\"_blank\">\n\t\t\t\t\t\t<span class=\"elementor-button-content-wrapper\">\n\t\t\t\t\t\t<span class=\"elementor-button-icon\">\n\t\t\t\t<svg aria-hidden=\"true\" class=\"e-font-icon-svg e-fas-phone-alt\" viewBox=\"0 0 512 512\" xmlns=\"http:\/\/www.w3.org\/2000\/svg\"><path d=\"M497.39 361.8l-112-48a24 24 0 0 0-28 6.9l-49.6 60.6A370.66 370.66 0 0 1 130.6 204.11l60.6-49.6a23.94 23.94 0 0 0 6.9-28l-48-112A24.16 24.16 0 0 0 122.6.61l-104 24A24 24 0 0 0 0 48c0 256.5 207.9 464 464 464a24 24 0 0 0 23.4-18.6l24-104a24.29 24.29 0 0 0-14.01-27.6z\"><\/path><\/svg>\t\t\t<\/span>\n\t\t\t\t\t\t\t\t\t<span class=\"elementor-button-text\">+34 681 21 08 41<\/span>\n\t\t\t\t\t<\/span>\n\t\t\t\t\t<\/a>\n\t\t\t\t\t\t\t\t<\/div>\n\t\t\t\t<\/div>\n\t\t\t\t<\/div>\n\t\t<div class=\"elementor-element elementor-element-0c3271b e-con-full e-flex e-con e-parent\" data-id=\"0c3271b\" data-element_type=\"container\" data-e-type=\"container\" data-settings=\"{&quot;background_background&quot;:&quot;classic&quot;}\">\n\t\t<div class=\"elementor-element elementor-element-e24ef96 e-con-full e-flex e-con e-child\" data-id=\"e24ef96\" data-element_type=\"container\" data-e-type=\"container\">\n\t\t\t\t<div class=\"elementor-element elementor-element-5bbe716 animated-slow elementor-invisible elementor-widget elementor-widget-heading\" data-id=\"5bbe716\" data-element_type=\"widget\" data-e-type=\"widget\" data-settings=\"{&quot;_animation&quot;:&quot;fadeIn&quot;}\" data-widget_type=\"heading.default\">\n\t\t\t\t\t<h3 class=\"elementor-heading-title elementor-size-default\">Tenez compte que<\/h3>\t\t\t\t<\/div>\n\t\t\t\t<\/div>\n\t\t<div class=\"elementor-element elementor-element-dc138ac e-con-full e-flex e-con e-child\" data-id=\"dc138ac\" data-element_type=\"container\" data-e-type=\"container\">\n\t\t\t\t<div class=\"elementor-element elementor-element-13c3f24 animated-slow elementor-invisible elementor-widget elementor-widget-text-editor\" data-id=\"13c3f24\" data-element_type=\"widget\" data-e-type=\"widget\" data-settings=\"{&quot;_animation&quot;:&quot;fadeIn&quot;,&quot;_animation_delay&quot;:200}\" data-widget_type=\"text-editor.default\">\n\t\t\t\t\t\t\t\t\t<p>Nous souhaitons offrir une exp\u00e9rience gastronomique relaxante, dans un environnement d\u00e9tendu et serein, qui favorise la conversation tranquille et la d\u00e9gustation sans interruptions et pour cela nous vous demandons de nous aider \u00e0 cr\u00e9er cette ambiance.<\/p><p>Pour faciliter cela, <strong> <a href=\"https:\/\/lescorones.cat\/wp-content\/uploads\/2023\/08\/Reglament-de-regim-intern-del-Restaurant-Les-Corones.pdf\" target=\"_blank\" rel=\"noopener\">nous avons une s\u00e9rie d\u2019indications<\/a> <\/strong>sur la tenue vestimentaire, le comportement, l\u2019acc\u00e8s avec des enfants, l\u2019acc\u00e8s avec des animaux de compagnie et autres qui peuvent vous \u00eatre utiles avant de faire votre r\u00e9servation.<\/p>\t\t\t\t\t\t\t\t<\/div>\n\t\t\t\t<\/div>\n\t\t\t\t<\/div>\n\t\t\t\t<\/div>\n\t\t","protected":false},"excerpt":{"rendered":"<p>Les Corones Nous sommes \u00e0 l&rsquo;Estartit En plein c\u0153ur du Parc Naturel du Montgr\u00ed, des \u00celes Medes et du Baix Ter IMPORTANT &#8211; VALIDIT\u00c9 DES R\u00c9SERVATIONS Les r\u00e9servations seront maintenues pendant un maximum de 15 minutes (si le retard n\u2019est pas signal\u00e9 par t\u00e9l\u00e9phone au +34 681 21 08 41, la r\u00e9servation sera consid\u00e9r\u00e9e comme [&hellip;]<\/p>\n","protected":false},"author":1,"featured_media":0,"parent":0,"menu_order":0,"comment_status":"closed","ping_status":"closed","template":"","meta":{"footnotes":""},"class_list":["post-735","page","type-page","status-publish","hentry"],"yoast_head":"<!-- This site is optimized with the Yoast SEO plugin v27.4 - https:\/\/yoast.com\/product\/yoast-seo-wordpress\/ -->\n<title>R\u00e9servations au Restaurant Les Corones | Estartit<\/title>\n<meta name=\"description\" content=\"R\u00e9servez une table au Restaurant Les Corones de l\u2019Estartit. R\u00e9servez en ligne ou par t\u00e9l\u00e9phone, avec des options pour les groupes et une confirmation imm\u00e9diate.\" \/>\n<meta name=\"robots\" content=\"index, follow, max-snippet:-1, max-image-preview:large, max-video-preview:-1\" \/>\n<link rel=\"canonical\" href=\"https:\/\/lescorones.cat\/fr\/reservations\/\" \/>\n<meta property=\"og:locale\" content=\"fr_FR\" \/>\n<meta property=\"og:type\" content=\"article\" \/>\n<meta property=\"og:title\" content=\"R\u00e9servations au Restaurant Les Corones | Estartit\" \/>\n<meta property=\"og:description\" content=\"R\u00e9servez une table au Restaurant Les Corones de l\u2019Estartit. R\u00e9servez en ligne ou par t\u00e9l\u00e9phone, avec des options pour les groupes et une confirmation imm\u00e9diate.\" \/>\n<meta property=\"og:url\" content=\"https:\/\/lescorones.cat\/fr\/reservations\/\" \/>\n<meta property=\"og:site_name\" content=\"Restaurant braseria Les Corones\" \/>\n<meta property=\"article:modified_time\" content=\"2025-12-15T11:20:44+00:00\" \/>\n<meta name=\"twitter:card\" content=\"summary_large_image\" \/>\n<meta name=\"twitter:label1\" content=\"Dur\u00e9e de lecture estim\u00e9e\" \/>\n\t<meta name=\"twitter:data1\" content=\"2 minutes\" \/>\n<script type=\"application\/ld+json\" class=\"yoast-schema-graph\">{\"@context\":\"https:\\\/\\\/schema.org\",\"@graph\":[{\"@type\":\"WebPage\",\"@id\":\"https:\\\/\\\/lescorones.cat\\\/fr\\\/reservations\\\/\",\"url\":\"https:\\\/\\\/lescorones.cat\\\/fr\\\/reservations\\\/\",\"name\":\"R\u00e9servations au Restaurant Les Corones | Estartit\",\"isPartOf\":{\"@id\":\"https:\\\/\\\/lescorones.cat\\\/fr\\\/#website\"},\"datePublished\":\"2025-12-05T09:38:00+00:00\",\"dateModified\":\"2025-12-15T11:20:44+00:00\",\"description\":\"R\u00e9servez une table au Restaurant Les Corones de l\u2019Estartit. R\u00e9servez en ligne ou par t\u00e9l\u00e9phone, avec des options pour les groupes et une confirmation imm\u00e9diate.\",\"breadcrumb\":{\"@id\":\"https:\\\/\\\/lescorones.cat\\\/fr\\\/reservations\\\/#breadcrumb\"},\"inLanguage\":\"fr-FR\",\"potentialAction\":[{\"@type\":\"ReadAction\",\"target\":[\"https:\\\/\\\/lescorones.cat\\\/fr\\\/reservations\\\/\"]}]},{\"@type\":\"BreadcrumbList\",\"@id\":\"https:\\\/\\\/lescorones.cat\\\/fr\\\/reservations\\\/#breadcrumb\",\"itemListElement\":[{\"@type\":\"ListItem\",\"position\":1,\"name\":\"Inici\",\"item\":\"https:\\\/\\\/lescorones.cat\\\/fr\\\/accueil\\\/\"},{\"@type\":\"ListItem\",\"position\":2,\"name\":\"R\u00e9servations\"}]},{\"@type\":\"WebSite\",\"@id\":\"https:\\\/\\\/lescorones.cat\\\/fr\\\/#website\",\"url\":\"https:\\\/\\\/lescorones.cat\\\/fr\\\/\",\"name\":\"Restaurant braseria Les Corones\",\"description\":\"Restaurant Les Corones, especialitzat en peix a la brasa a l&#039;Estartit\",\"publisher\":{\"@id\":\"https:\\\/\\\/lescorones.cat\\\/fr\\\/#organization\"},\"potentialAction\":[{\"@type\":\"SearchAction\",\"target\":{\"@type\":\"EntryPoint\",\"urlTemplate\":\"https:\\\/\\\/lescorones.cat\\\/fr\\\/?s={search_term_string}\"},\"query-input\":{\"@type\":\"PropertyValueSpecification\",\"valueRequired\":true,\"valueName\":\"search_term_string\"}}],\"inLanguage\":\"fr-FR\"},{\"@type\":\"Organization\",\"@id\":\"https:\\\/\\\/lescorones.cat\\\/fr\\\/#organization\",\"name\":\"Restaurant braseria Les Corones\",\"url\":\"https:\\\/\\\/lescorones.cat\\\/fr\\\/\",\"logo\":{\"@type\":\"ImageObject\",\"inLanguage\":\"fr-FR\",\"@id\":\"https:\\\/\\\/lescorones.cat\\\/fr\\\/#\\\/schema\\\/logo\\\/image\\\/\",\"url\":\"https:\\\/\\\/lescorones.cat\\\/wp-content\\\/uploads\\\/2025\\\/12\\\/VERSIO_HORITZONTAL_WEB_Apaisat.jpg\",\"contentUrl\":\"https:\\\/\\\/lescorones.cat\\\/wp-content\\\/uploads\\\/2025\\\/12\\\/VERSIO_HORITZONTAL_WEB_Apaisat.jpg\",\"width\":1754,\"height\":500,\"caption\":\"Restaurant braseria Les Corones\"},\"image\":{\"@id\":\"https:\\\/\\\/lescorones.cat\\\/fr\\\/#\\\/schema\\\/logo\\\/image\\\/\"}}]}<\/script>\n<!-- \/ Yoast SEO plugin. -->","yoast_head_json":{"title":"R\u00e9servations au Restaurant Les Corones | Estartit","description":"R\u00e9servez une table au Restaurant Les Corones de l\u2019Estartit. R\u00e9servez en ligne ou par t\u00e9l\u00e9phone, avec des options pour les groupes et une confirmation imm\u00e9diate.","robots":{"index":"index","follow":"follow","max-snippet":"max-snippet:-1","max-image-preview":"max-image-preview:large","max-video-preview":"max-video-preview:-1"},"canonical":"https:\/\/lescorones.cat\/fr\/reservations\/","og_locale":"fr_FR","og_type":"article","og_title":"R\u00e9servations au Restaurant Les Corones | Estartit","og_description":"R\u00e9servez une table au Restaurant Les Corones de l\u2019Estartit. R\u00e9servez en ligne ou par t\u00e9l\u00e9phone, avec des options pour les groupes et une confirmation imm\u00e9diate.","og_url":"https:\/\/lescorones.cat\/fr\/reservations\/","og_site_name":"Restaurant braseria Les Corones","article_modified_time":"2025-12-15T11:20:44+00:00","twitter_card":"summary_large_image","twitter_misc":{"Dur\u00e9e de lecture estim\u00e9e":"2 minutes"},"schema":{"@context":"https:\/\/schema.org","@graph":[{"@type":"WebPage","@id":"https:\/\/lescorones.cat\/fr\/reservations\/","url":"https:\/\/lescorones.cat\/fr\/reservations\/","name":"R\u00e9servations au Restaurant Les Corones | Estartit","isPartOf":{"@id":"https:\/\/lescorones.cat\/fr\/#website"},"datePublished":"2025-12-05T09:38:00+00:00","dateModified":"2025-12-15T11:20:44+00:00","description":"R\u00e9servez une table au Restaurant Les Corones de l\u2019Estartit. R\u00e9servez en ligne ou par t\u00e9l\u00e9phone, avec des options pour les groupes et une confirmation imm\u00e9diate.","breadcrumb":{"@id":"https:\/\/lescorones.cat\/fr\/reservations\/#breadcrumb"},"inLanguage":"fr-FR","potentialAction":[{"@type":"ReadAction","target":["https:\/\/lescorones.cat\/fr\/reservations\/"]}]},{"@type":"BreadcrumbList","@id":"https:\/\/lescorones.cat\/fr\/reservations\/#breadcrumb","itemListElement":[{"@type":"ListItem","position":1,"name":"Inici","item":"https:\/\/lescorones.cat\/fr\/accueil\/"},{"@type":"ListItem","position":2,"name":"R\u00e9servations"}]},{"@type":"WebSite","@id":"https:\/\/lescorones.cat\/fr\/#website","url":"https:\/\/lescorones.cat\/fr\/","name":"Restaurant braseria Les Corones","description":"Restaurant Les Corones, especialitzat en peix a la brasa a l&#039;Estartit","publisher":{"@id":"https:\/\/lescorones.cat\/fr\/#organization"},"potentialAction":[{"@type":"SearchAction","target":{"@type":"EntryPoint","urlTemplate":"https:\/\/lescorones.cat\/fr\/?s={search_term_string}"},"query-input":{"@type":"PropertyValueSpecification","valueRequired":true,"valueName":"search_term_string"}}],"inLanguage":"fr-FR"},{"@type":"Organization","@id":"https:\/\/lescorones.cat\/fr\/#organization","name":"Restaurant braseria Les Corones","url":"https:\/\/lescorones.cat\/fr\/","logo":{"@type":"ImageObject","inLanguage":"fr-FR","@id":"https:\/\/lescorones.cat\/fr\/#\/schema\/logo\/image\/","url":"https:\/\/lescorones.cat\/wp-content\/uploads\/2025\/12\/VERSIO_HORITZONTAL_WEB_Apaisat.jpg","contentUrl":"https:\/\/lescorones.cat\/wp-content\/uploads\/2025\/12\/VERSIO_HORITZONTAL_WEB_Apaisat.jpg","width":1754,"height":500,"caption":"Restaurant braseria Les Corones"},"image":{"@id":"https:\/\/lescorones.cat\/fr\/#\/schema\/logo\/image\/"}}]}},"_links":{"self":[{"href":"https:\/\/lescorones.cat\/fr\/wp-json\/wp\/v2\/pages\/735","targetHints":{"allow":["GET"]}}],"collection":[{"href":"https:\/\/lescorones.cat\/fr\/wp-json\/wp\/v2\/pages"}],"about":[{"href":"https:\/\/lescorones.cat\/fr\/wp-json\/wp\/v2\/types\/page"}],"author":[{"embeddable":true,"href":"https:\/\/lescorones.cat\/fr\/wp-json\/wp\/v2\/users\/1"}],"replies":[{"embeddable":true,"href":"https:\/\/lescorones.cat\/fr\/wp-json\/wp\/v2\/comments?post=735"}],"version-history":[{"count":1,"href":"https:\/\/lescorones.cat\/fr\/wp-json\/wp\/v2\/pages\/735\/revisions"}],"predecessor-version":[{"id":737,"href":"https:\/\/lescorones.cat\/fr\/wp-json\/wp\/v2\/pages\/735\/revisions\/737"}],"wp:attachment":[{"href":"https:\/\/lescorones.cat\/fr\/wp-json\/wp\/v2\/media?parent=735"}],"curies":[{"name":"wp","href":"https:\/\/api.w.org\/{rel}","templated":true}]}}