{"id":756,"date":"2025-12-05T10:37:11","date_gmt":"2025-12-05T09:37:11","guid":{"rendered":"https:\/\/lescorones.cat\/contacto\/"},"modified":"2026-01-26T11:08:15","modified_gmt":"2026-01-26T10:08:15","slug":"contacto","status":"publish","type":"page","link":"https:\/\/lescorones.cat\/es\/contacto\/","title":{"rendered":"Contacto"},"content":{"rendered":"\t\t<div data-elementor-type=\"wp-page\" data-elementor-id=\"756\" class=\"elementor elementor-756 elementor-240\" data-elementor-post-type=\"page\">\n\t\t\t\t<div class=\"elementor-element elementor-element-9651c8c e-con-full e-flex e-con e-parent\" data-id=\"9651c8c\" data-element_type=\"container\" data-e-type=\"container\" data-settings=\"{&quot;background_background&quot;:&quot;classic&quot;}\">\n\t\t<div class=\"elementor-element elementor-element-f226255 e-con-full e-flex e-con e-child\" data-id=\"f226255\" data-element_type=\"container\" data-e-type=\"container\">\n\t\t\t\t<div class=\"elementor-element elementor-element-9fb0e9f animated-slow elementor-invisible elementor-widget elementor-widget-text-editor\" data-id=\"9fb0e9f\" data-element_type=\"widget\" data-e-type=\"widget\" data-settings=\"{&quot;_animation&quot;:&quot;fadeIn&quot;}\" data-widget_type=\"text-editor.default\">\n\t\t\t\t\t\t\t\t\t<p>Les Corones<\/p>\t\t\t\t\t\t\t\t<\/div>\n\t\t\t\t<div class=\"elementor-element elementor-element-0e11c0c animated-slow elementor-invisible elementor-widget elementor-widget-heading\" data-id=\"0e11c0c\" data-element_type=\"widget\" data-e-type=\"widget\" data-settings=\"{&quot;_animation&quot;:&quot;fadeIn&quot;,&quot;_animation_delay&quot;:200}\" data-widget_type=\"heading.default\">\n\t\t\t\t\t<h1 class=\"elementor-heading-title elementor-size-default\">Estamos en L'Estartit<\/h1>\t\t\t\t<\/div>\n\t\t\t\t<div class=\"elementor-element elementor-element-6e362df animated-slow elementor-invisible elementor-widget elementor-widget-text-editor\" data-id=\"6e362df\" data-element_type=\"widget\" data-e-type=\"widget\" data-settings=\"{&quot;_animation&quot;:&quot;fadeIn&quot;,&quot;_animation_delay&quot;:400}\" data-widget_type=\"text-editor.default\">\n\t\t\t\t\t\t\t\t\t<p>En pleno Parque Natural del Montgr\u00ed, las Islas Medas y el Baix Ter<\/p>\t\t\t\t\t\t\t\t<\/div>\n\t\t\t\t<div class=\"elementor-element elementor-element-67bc220 animated-slow elementor-invisible elementor-widget elementor-widget-button\" data-id=\"67bc220\" data-element_type=\"widget\" data-e-type=\"widget\" data-settings=\"{&quot;_animation&quot;:&quot;fadeIn&quot;,&quot;_animation_delay&quot;:600}\" data-widget_type=\"button.default\">\n\t\t\t\t\t\t\t\t\t\t<a class=\"elementor-button elementor-button-link elementor-size-sm\" href=\"https:\/\/lescorones.cat\/es\/reservas\/\">\n\t\t\t\t\t\t<span class=\"elementor-button-content-wrapper\">\n\t\t\t\t\t\t\t\t\t<span class=\"elementor-button-text\">Reserva tu mesa<\/span>\n\t\t\t\t\t<\/span>\n\t\t\t\t\t<\/a>\n\t\t\t\t\t\t\t\t<\/div>\n\t\t\t\t<\/div>\n\t\t<div class=\"elementor-element elementor-element-b088b77 e-con-full animated-slow e-flex elementor-invisible e-con e-child\" data-id=\"b088b77\" data-element_type=\"container\" data-e-type=\"container\" data-settings=\"{&quot;animation&quot;:&quot;fadeIn&quot;,&quot;animation_delay&quot;:600}\">\n\t\t\t\t<div class=\"elementor-element elementor-element-189bd99 elementor-widget elementor-widget-text-editor\" data-id=\"189bd99\" data-element_type=\"widget\" data-e-type=\"widget\" data-widget_type=\"text-editor.default\">\n\t\t\t\t\t\t\t\t\t<p>El Parque Natural del Montgr\u00ed, las Islas Medas y el Baix Ter ofrece muchas posibilidades de visitas y actividades en un entorno natural de gran calidad paisaj\u00edstica, con un patrimonio natural e hist\u00f3rico muy cerca nuestro:<\/p><ul><li><a href=\"https:\/\/parcsnaturals.gencat.cat\/ca\/xarxa-de-parcs\/illes-medes\/el-parc\/\" target=\"_blank\" rel=\"noopener\">Gu\u00eda del Parque<\/a><\/li><li><a href=\"https:\/\/parcsnaturals.gencat.cat\/ca\/xarxa-de-parcs\/illes-medes\/el-parc\/\" target=\"_blank\" rel=\"noopener\">Actividades que se pueden hacer<\/a><\/li><li><a href=\"https:\/\/parcsnaturals.gencat.cat\/ca\/xarxa-de-parcs\/illes-medes\/el-parc\/\" target=\"_blank\" rel=\"noopener\">Agenda de actividades gratuitas programadas<\/a><\/li><\/ul>\t\t\t\t\t\t\t\t<\/div>\n\t\t\t\t<\/div>\n\t\t\t\t<\/div>\n\t\t<div class=\"elementor-element elementor-element-60ab778 e-con-full e-flex e-con e-parent\" data-id=\"60ab778\" data-element_type=\"container\" data-e-type=\"container\">\n\t\t<div class=\"elementor-element elementor-element-de46398 e-con-full e-flex e-con e-child\" data-id=\"de46398\" data-element_type=\"container\" data-e-type=\"container\">\n\t\t\t\t<div class=\"elementor-element elementor-element-196b634 animated-slow elementor-invisible elementor-widget elementor-widget-heading\" data-id=\"196b634\" data-element_type=\"widget\" data-e-type=\"widget\" data-settings=\"{&quot;_animation&quot;:&quot;fadeIn&quot;}\" data-widget_type=\"heading.default\">\n\t\t\t\t\t<h2 class=\"elementor-heading-title elementor-size-default\">Si quieres ofrecer un cheque regalo<\/h2>\t\t\t\t<\/div>\n\t\t\t\t<div class=\"elementor-element elementor-element-ce7d341 animated-slow elementor-invisible elementor-widget elementor-widget-text-editor\" data-id=\"ce7d341\" data-element_type=\"widget\" data-e-type=\"widget\" data-settings=\"{&quot;_animation&quot;:&quot;fadeIn&quot;,&quot;_animation_delay&quot;:200}\" data-widget_type=\"text-editor.default\">\n\t\t\t\t\t\t\t\t\t<p>Ind\u00edcanos qu\u00e9 cheque regalo quieres ofrecer. Te haremos llegar las condiciones de uso y la forma de pago por correo electr\u00f3nico. <\/p>\t\t\t\t\t\t\t\t<\/div>\n\t\t\t\t<\/div>\n\t\t<div class=\"elementor-element elementor-element-e5995c6 e-con-full e-flex e-con e-child\" data-id=\"e5995c6\" data-element_type=\"container\" data-e-type=\"container\">\n\t\t\t\t<div class=\"elementor-element elementor-element-489254c elementor-button-align-start animated-slow elementor-invisible elementor-widget elementor-widget-form\" data-id=\"489254c\" data-element_type=\"widget\" data-e-type=\"widget\" data-settings=\"{&quot;step_next_label&quot;:&quot;Siguiente&quot;,&quot;step_previous_label&quot;:&quot;Anterior&quot;,&quot;_animation&quot;:&quot;fadeIn&quot;,&quot;_animation_delay&quot;:400,&quot;button_width&quot;:&quot;100&quot;,&quot;step_type&quot;:&quot;number_text&quot;,&quot;step_icon_shape&quot;:&quot;circle&quot;}\" data-widget_type=\"form.default\">\n\t\t\t\t\t\t\t<form class=\"elementor-form\" method=\"post\" name=\"Formulario de contacto\" aria-label=\"Formulario de contacto\">\n\t\t\t<input type=\"hidden\" name=\"post_id\" value=\"756\"\/>\n\t\t\t<input type=\"hidden\" name=\"form_id\" value=\"489254c\"\/>\n\t\t\t<input type=\"hidden\" name=\"referer_title\" value=\"Contacto | Restaurant Les Corones\" \/>\n\n\t\t\t\t\t\t\t<input type=\"hidden\" name=\"queried_id\" value=\"756\"\/>\n\t\t\t\n\t\t\t<div class=\"elementor-form-fields-wrapper elementor-labels-\">\n\t\t\t\t\t\t\t\t<div class=\"elementor-field-type-text elementor-field-group elementor-column elementor-field-group-name elementor-col-50 elementor-field-required\">\n\t\t\t\t\t\t\t\t\t\t\t\t<label for=\"form-field-name\" class=\"elementor-field-label elementor-screen-only\">\n\t\t\t\t\t\t\t\tNombre\t\t\t\t\t\t\t<\/label>\n\t\t\t\t\t\t\t\t\t\t\t\t\t\t<input size=\"1\" type=\"text\" name=\"form_fields[name]\" id=\"form-field-name\" class=\"elementor-field elementor-size-sm  elementor-field-textual\" placeholder=\"Nombre\" required=\"required\">\n\t\t\t\t\t\t\t\t\t\t\t<\/div>\n\t\t\t\t\t\t\t\t<div class=\"elementor-field-type-text elementor-field-group elementor-column elementor-field-group-field_b1a44f1 elementor-col-50 elementor-field-required\">\n\t\t\t\t\t\t\t\t\t\t\t\t<label for=\"form-field-field_b1a44f1\" class=\"elementor-field-label elementor-screen-only\">\n\t\t\t\t\t\t\t\tApellidos\t\t\t\t\t\t\t<\/label>\n\t\t\t\t\t\t\t\t\t\t\t\t\t\t<input size=\"1\" type=\"text\" name=\"form_fields[field_b1a44f1]\" id=\"form-field-field_b1a44f1\" class=\"elementor-field elementor-size-sm  elementor-field-textual\" placeholder=\"Apellidos\" required=\"required\">\n\t\t\t\t\t\t\t\t\t\t\t<\/div>\n\t\t\t\t\t\t\t\t<div class=\"elementor-field-type-tel elementor-field-group elementor-column elementor-field-group-email elementor-col-50 elementor-field-required\">\n\t\t\t\t\t\t\t\t\t\t\t\t<label for=\"form-field-email\" class=\"elementor-field-label elementor-screen-only\">\n\t\t\t\t\t\t\t\tTel\u00e9fono\t\t\t\t\t\t\t<\/label>\n\t\t\t\t\t\t\t\t<input size=\"1\" type=\"tel\" name=\"form_fields[email]\" id=\"form-field-email\" class=\"elementor-field elementor-size-sm  elementor-field-textual\" placeholder=\"Tel\u00e9fono\" required=\"required\" pattern=\"[0-9()#&amp;+*-=.]+\" title=\"Solo se aceptan n\u00fameros y caracteres de tel\u00e9fono (#,-,*,etc).\">\n\n\t\t\t\t\t\t<\/div>\n\t\t\t\t\t\t\t\t<div class=\"elementor-field-type-email elementor-field-group elementor-column elementor-field-group-field_7ffa0b4 elementor-col-50 elementor-field-required\">\n\t\t\t\t\t\t\t\t\t\t\t\t<label for=\"form-field-field_7ffa0b4\" class=\"elementor-field-label elementor-screen-only\">\n\t\t\t\t\t\t\t\tCorreo electr\u00f3nico\t\t\t\t\t\t\t<\/label>\n\t\t\t\t\t\t\t\t\t\t\t\t\t\t<input size=\"1\" type=\"email\" name=\"form_fields[field_7ffa0b4]\" id=\"form-field-field_7ffa0b4\" class=\"elementor-field elementor-size-sm  elementor-field-textual\" placeholder=\"Correo electr\u00f3nico\" required=\"required\">\n\t\t\t\t\t\t\t\t\t\t\t<\/div>\n\t\t\t\t\t\t\t\t<div class=\"elementor-field-type-select elementor-field-group elementor-column elementor-field-group-field_79f72a4 elementor-col-100\">\n\t\t\t\t\t\t\t\t\t\t\t\t<label for=\"form-field-field_79f72a4\" class=\"elementor-field-label elementor-screen-only\">\n\t\t\t\t\t\t\t\tElige tu regalo\t\t\t\t\t\t\t<\/label>\n\t\t\t\t\t\t\t\t<div class=\"elementor-field elementor-select-wrapper remove-before \">\n\t\t\t<div class=\"select-caret-down-wrapper\">\n\t\t\t\t<svg aria-hidden=\"true\" class=\"e-font-icon-svg e-eicon-caret-down\" viewBox=\"0 0 571.4 571.4\" xmlns=\"http:\/\/www.w3.org\/2000\/svg\"><path d=\"M571 393Q571 407 561 418L311 668Q300 679 286 679T261 668L11 418Q0 407 0 393T11 368 36 357H536Q550 357 561 368T571 393Z\"><\/path><\/svg>\t\t\t<\/div>\n\t\t\t<select name=\"form_fields[field_79f72a4]\" id=\"form-field-field_79f72a4\" class=\"elementor-field-textual elementor-size-sm\">\n\t\t\t\t\t\t\t\t\t<option value=\"Elige tu cheque regalo\">Elige tu cheque regalo<\/option>\n\t\t\t\t\t\t\t\t\t<option value=\"Men\u00fa especial jornadas del sonso\">Men\u00fa especial jornadas del sonso<\/option>\n\t\t\t\t\t\t\t\t\t<option value=\"Petit men\u00fa Les Corones\">Petit men\u00fa Les Corones<\/option>\n\t\t\t\t\t\t\t\t\t<option value=\"Men\u00fa Les Corones\">Men\u00fa Les Corones<\/option>\n\t\t\t\t\t\t\t\t\t<option value=\"Les Corones men\u00fa de tast\">Les Corones men\u00fa de tast<\/option>\n\t\t\t\t\t\t\t\t\t<option value=\"Sortida amb la Barca N\u00faria i men\u00fa de Les Corones\">Sortida amb la Barca N\u00faria i men\u00fa de Les Corones<\/option>\n\t\t\t\t\t\t\t<\/select>\n\t\t<\/div>\n\t\t\t\t\t\t<\/div>\n\t\t\t\t\t\t\t\t<div class=\"elementor-field-type-recaptcha_v3 elementor-field-group elementor-column elementor-field-group-field_6bdf193 elementor-col-100 recaptcha_v3-bottomright\">\n\t\t\t\t\t<div class=\"elementor-field\" id=\"form-field-field_6bdf193\"><div class=\"elementor-g-recaptcha\" data-sitekey=\"6Lex-x8sAAAAAJk3M2ruWwmkkAl47r5ysuL_LJAX\" data-type=\"v3\" data-action=\"Form\" data-badge=\"bottomright\" data-size=\"invisible\"><\/div><\/div>\t\t\t\t<\/div>\n\t\t\t\t\t\t\t\t<div class=\"elementor-field-type-acceptance elementor-field-group elementor-column elementor-field-group-field_af8ab8b elementor-col-100 elementor-field-required\">\n\t\t\t\t\t\t\t\t\t\t\t\t<label for=\"form-field-field_af8ab8b\" class=\"elementor-field-label elementor-screen-only\">\n\t\t\t\t\t\t\t\tAcceptance\t\t\t\t\t\t\t<\/label>\n\t\t\t\t\t\t\t\t<div class=\"elementor-field-subgroup\">\n\t\t\t<span class=\"elementor-field-option\">\n\t\t\t\t<input type=\"checkbox\" name=\"form_fields[field_af8ab8b]\" id=\"form-field-field_af8ab8b\" class=\"elementor-field elementor-size-sm  elementor-acceptance-field\" required=\"required\">\n\t\t\t\t<label for=\"form-field-field_af8ab8b\"><font size=\"2\">  \n  Acepto la gesti\u00f3n de mis datos como se indica en la pol\u00edtica de privacidad.\n<\/font><\/label>\t\t\t<\/span>\n\t\t<\/div>\n\t\t\t\t\t\t<\/div>\n\t\t\t\t\t\t\t\t<div class=\"elementor-field-group elementor-column elementor-field-type-submit elementor-col-100 e-form__buttons\">\n\t\t\t\t\t<button class=\"elementor-button elementor-size-sm\" type=\"submit\">\n\t\t\t\t\t\t<span class=\"elementor-button-content-wrapper\">\n\t\t\t\t\t\t\t\t\t\t\t\t\t\t\t\t\t\t\t\t\t\t<span class=\"elementor-button-text\">Enviar<\/span>\n\t\t\t\t\t\t\t\t\t\t\t\t\t<\/span>\n\t\t\t\t\t<\/button>\n\t\t\t\t<\/div>\n\t\t\t<\/div>\n\t\t<\/form>\n\t\t\t\t\t\t<\/div>\n\t\t\t\t<\/div>\n\t\t\t\t<\/div>\n\t\t<div class=\"elementor-element elementor-element-7ef71aa e-con-full e-flex e-con e-parent\" data-id=\"7ef71aa\" data-element_type=\"container\" data-e-type=\"container\">\n\t\t\t\t<div class=\"elementor-element elementor-element-ab6d9a1 elementor-widget elementor-widget-google_maps\" data-id=\"ab6d9a1\" data-element_type=\"widget\" data-e-type=\"widget\" data-widget_type=\"google_maps.default\">\n\t\t\t\t\t\t\t<div class=\"elementor-custom-embed\">\n\t\t\t<iframe loading=\"lazy\"\n\t\t\t\t\tsrc=\"https:\/\/maps.google.com\/maps?q=Restaurant%20Les%20Corones%20Avinguda%20de%20Roma%2C%2050%2017258%20l%27Estartit&#038;t=m&#038;z=15&#038;output=embed&#038;iwloc=near\"\n\t\t\t\t\ttitle=\"Restaurant Les Corones Avinguda de Roma, 50 17258 l&#039;Estartit\"\n\t\t\t\t\taria-label=\"Restaurant Les Corones Avinguda de Roma, 50 17258 l&#039;Estartit\"\n\t\t\t><\/iframe>\n\t\t<\/div>\n\t\t\t\t\t\t<\/div>\n\t\t\t\t<\/div>\n\t\t\t\t<\/div>\n\t\t","protected":false},"excerpt":{"rendered":"<p>Les Corones Estamos en L&#8217;Estartit En pleno Parque Natural del Montgr\u00ed, las Islas Medas y el Baix Ter Reserva tu mesa El Parque Natural del Montgr\u00ed, las Islas Medas y el Baix Ter ofrece muchas posibilidades de visitas y actividades en un entorno natural de gran calidad paisaj\u00edstica, con un patrimonio natural e hist\u00f3rico muy [&hellip;]<\/p>\n","protected":false},"author":1,"featured_media":0,"parent":0,"menu_order":0,"comment_status":"closed","ping_status":"closed","template":"","meta":{"footnotes":""},"class_list":["post-756","page","type-page","status-publish","hentry"],"yoast_head":"<!-- This site is optimized with the Yoast SEO plugin v27.4 - https:\/\/yoast.com\/product\/yoast-seo-wordpress\/ -->\n<title>Contacto | Restaurant Les Corones<\/title>\n<meta name=\"description\" content=\"Consultas, informaci\u00f3n, cheques regalo y reservas. Estamos en L\u2019Estartit, en pleno Parque Natural del Montgr\u00ed y las Islas Medas.\" \/>\n<meta name=\"robots\" content=\"index, follow, max-snippet:-1, max-image-preview:large, max-video-preview:-1\" \/>\n<link rel=\"canonical\" href=\"https:\/\/lescorones.cat\/es\/contacto\/\" \/>\n<meta property=\"og:locale\" content=\"es_ES\" \/>\n<meta property=\"og:type\" content=\"article\" \/>\n<meta property=\"og:title\" content=\"Contacto | Restaurant Les Corones\" \/>\n<meta property=\"og:description\" content=\"Consultas, informaci\u00f3n, cheques regalo y reservas. Estamos en L\u2019Estartit, en pleno Parque Natural del Montgr\u00ed y las Islas Medas.\" \/>\n<meta property=\"og:url\" content=\"https:\/\/lescorones.cat\/es\/contacto\/\" \/>\n<meta property=\"og:site_name\" content=\"Restaurant braseria Les Corones\" \/>\n<meta property=\"article:modified_time\" content=\"2026-01-26T10:08:15+00:00\" \/>\n<meta name=\"twitter:card\" content=\"summary_large_image\" \/>\n<meta name=\"twitter:label1\" content=\"Tiempo de lectura\" \/>\n\t<meta name=\"twitter:data1\" content=\"1 minuto\" \/>\n<script type=\"application\/ld+json\" class=\"yoast-schema-graph\">{\"@context\":\"https:\\\/\\\/schema.org\",\"@graph\":[{\"@type\":\"WebPage\",\"@id\":\"https:\\\/\\\/lescorones.cat\\\/es\\\/contacto\\\/\",\"url\":\"https:\\\/\\\/lescorones.cat\\\/es\\\/contacto\\\/\",\"name\":\"Contacto | Restaurant Les Corones\",\"isPartOf\":{\"@id\":\"https:\\\/\\\/lescorones.cat\\\/es\\\/#website\"},\"datePublished\":\"2025-12-05T09:37:11+00:00\",\"dateModified\":\"2026-01-26T10:08:15+00:00\",\"description\":\"Consultas, informaci\u00f3n, cheques regalo y reservas. Estamos en L\u2019Estartit, en pleno Parque Natural del Montgr\u00ed y las Islas Medas.\",\"breadcrumb\":{\"@id\":\"https:\\\/\\\/lescorones.cat\\\/es\\\/contacto\\\/#breadcrumb\"},\"inLanguage\":\"es\",\"potentialAction\":[{\"@type\":\"ReadAction\",\"target\":[\"https:\\\/\\\/lescorones.cat\\\/es\\\/contacto\\\/\"]}]},{\"@type\":\"BreadcrumbList\",\"@id\":\"https:\\\/\\\/lescorones.cat\\\/es\\\/contacto\\\/#breadcrumb\",\"itemListElement\":[{\"@type\":\"ListItem\",\"position\":1,\"name\":\"Inici\",\"item\":\"https:\\\/\\\/lescorones.cat\\\/es\\\/inicio\\\/\"},{\"@type\":\"ListItem\",\"position\":2,\"name\":\"Contacto\"}]},{\"@type\":\"WebSite\",\"@id\":\"https:\\\/\\\/lescorones.cat\\\/es\\\/#website\",\"url\":\"https:\\\/\\\/lescorones.cat\\\/es\\\/\",\"name\":\"Restaurant braseria Les Corones\",\"description\":\"Restaurant Les Corones, especialitzat en peix a la brasa a l&#039;Estartit\",\"publisher\":{\"@id\":\"https:\\\/\\\/lescorones.cat\\\/es\\\/#organization\"},\"potentialAction\":[{\"@type\":\"SearchAction\",\"target\":{\"@type\":\"EntryPoint\",\"urlTemplate\":\"https:\\\/\\\/lescorones.cat\\\/es\\\/?s={search_term_string}\"},\"query-input\":{\"@type\":\"PropertyValueSpecification\",\"valueRequired\":true,\"valueName\":\"search_term_string\"}}],\"inLanguage\":\"es\"},{\"@type\":\"Organization\",\"@id\":\"https:\\\/\\\/lescorones.cat\\\/es\\\/#organization\",\"name\":\"Restaurant braseria Les Corones\",\"url\":\"https:\\\/\\\/lescorones.cat\\\/es\\\/\",\"logo\":{\"@type\":\"ImageObject\",\"inLanguage\":\"es\",\"@id\":\"https:\\\/\\\/lescorones.cat\\\/es\\\/#\\\/schema\\\/logo\\\/image\\\/\",\"url\":\"https:\\\/\\\/lescorones.cat\\\/wp-content\\\/uploads\\\/2025\\\/12\\\/VERSIO_HORITZONTAL_WEB_Apaisat.jpg\",\"contentUrl\":\"https:\\\/\\\/lescorones.cat\\\/wp-content\\\/uploads\\\/2025\\\/12\\\/VERSIO_HORITZONTAL_WEB_Apaisat.jpg\",\"width\":1754,\"height\":500,\"caption\":\"Restaurant braseria Les Corones\"},\"image\":{\"@id\":\"https:\\\/\\\/lescorones.cat\\\/es\\\/#\\\/schema\\\/logo\\\/image\\\/\"}}]}<\/script>\n<!-- \/ Yoast SEO plugin. -->","yoast_head_json":{"title":"Contacto | Restaurant Les Corones","description":"Consultas, informaci\u00f3n, cheques regalo y reservas. Estamos en L\u2019Estartit, en pleno Parque Natural del Montgr\u00ed y las Islas Medas.","robots":{"index":"index","follow":"follow","max-snippet":"max-snippet:-1","max-image-preview":"max-image-preview:large","max-video-preview":"max-video-preview:-1"},"canonical":"https:\/\/lescorones.cat\/es\/contacto\/","og_locale":"es_ES","og_type":"article","og_title":"Contacto | Restaurant Les Corones","og_description":"Consultas, informaci\u00f3n, cheques regalo y reservas. Estamos en L\u2019Estartit, en pleno Parque Natural del Montgr\u00ed y las Islas Medas.","og_url":"https:\/\/lescorones.cat\/es\/contacto\/","og_site_name":"Restaurant braseria Les Corones","article_modified_time":"2026-01-26T10:08:15+00:00","twitter_card":"summary_large_image","twitter_misc":{"Tiempo de lectura":"1 minuto"},"schema":{"@context":"https:\/\/schema.org","@graph":[{"@type":"WebPage","@id":"https:\/\/lescorones.cat\/es\/contacto\/","url":"https:\/\/lescorones.cat\/es\/contacto\/","name":"Contacto | Restaurant Les Corones","isPartOf":{"@id":"https:\/\/lescorones.cat\/es\/#website"},"datePublished":"2025-12-05T09:37:11+00:00","dateModified":"2026-01-26T10:08:15+00:00","description":"Consultas, informaci\u00f3n, cheques regalo y reservas. Estamos en L\u2019Estartit, en pleno Parque Natural del Montgr\u00ed y las Islas Medas.","breadcrumb":{"@id":"https:\/\/lescorones.cat\/es\/contacto\/#breadcrumb"},"inLanguage":"es","potentialAction":[{"@type":"ReadAction","target":["https:\/\/lescorones.cat\/es\/contacto\/"]}]},{"@type":"BreadcrumbList","@id":"https:\/\/lescorones.cat\/es\/contacto\/#breadcrumb","itemListElement":[{"@type":"ListItem","position":1,"name":"Inici","item":"https:\/\/lescorones.cat\/es\/inicio\/"},{"@type":"ListItem","position":2,"name":"Contacto"}]},{"@type":"WebSite","@id":"https:\/\/lescorones.cat\/es\/#website","url":"https:\/\/lescorones.cat\/es\/","name":"Restaurant braseria Les Corones","description":"Restaurant Les Corones, especialitzat en peix a la brasa a l&#039;Estartit","publisher":{"@id":"https:\/\/lescorones.cat\/es\/#organization"},"potentialAction":[{"@type":"SearchAction","target":{"@type":"EntryPoint","urlTemplate":"https:\/\/lescorones.cat\/es\/?s={search_term_string}"},"query-input":{"@type":"PropertyValueSpecification","valueRequired":true,"valueName":"search_term_string"}}],"inLanguage":"es"},{"@type":"Organization","@id":"https:\/\/lescorones.cat\/es\/#organization","name":"Restaurant braseria Les Corones","url":"https:\/\/lescorones.cat\/es\/","logo":{"@type":"ImageObject","inLanguage":"es","@id":"https:\/\/lescorones.cat\/es\/#\/schema\/logo\/image\/","url":"https:\/\/lescorones.cat\/wp-content\/uploads\/2025\/12\/VERSIO_HORITZONTAL_WEB_Apaisat.jpg","contentUrl":"https:\/\/lescorones.cat\/wp-content\/uploads\/2025\/12\/VERSIO_HORITZONTAL_WEB_Apaisat.jpg","width":1754,"height":500,"caption":"Restaurant braseria Les Corones"},"image":{"@id":"https:\/\/lescorones.cat\/es\/#\/schema\/logo\/image\/"}}]}},"_links":{"self":[{"href":"https:\/\/lescorones.cat\/es\/wp-json\/wp\/v2\/pages\/756","targetHints":{"allow":["GET"]}}],"collection":[{"href":"https:\/\/lescorones.cat\/es\/wp-json\/wp\/v2\/pages"}],"about":[{"href":"https:\/\/lescorones.cat\/es\/wp-json\/wp\/v2\/types\/page"}],"author":[{"embeddable":true,"href":"https:\/\/lescorones.cat\/es\/wp-json\/wp\/v2\/users\/1"}],"replies":[{"embeddable":true,"href":"https:\/\/lescorones.cat\/es\/wp-json\/wp\/v2\/comments?post=756"}],"version-history":[{"count":4,"href":"https:\/\/lescorones.cat\/es\/wp-json\/wp\/v2\/pages\/756\/revisions"}],"predecessor-version":[{"id":1215,"href":"https:\/\/lescorones.cat\/es\/wp-json\/wp\/v2\/pages\/756\/revisions\/1215"}],"wp:attachment":[{"href":"https:\/\/lescorones.cat\/es\/wp-json\/wp\/v2\/media?parent=756"}],"curies":[{"name":"wp","href":"https:\/\/api.w.org\/{rel}","templated":true}]}}