{"id":747,"date":"2025-12-05T10:38:00","date_gmt":"2025-12-05T09:38:00","guid":{"rendered":"https:\/\/lescorones.cat\/reservas\/"},"modified":"2025-12-15T12:20:58","modified_gmt":"2025-12-15T11:20:58","slug":"reservas","status":"publish","type":"page","link":"https:\/\/lescorones.cat\/es\/reservas\/","title":{"rendered":"Reservas"},"content":{"rendered":"\t\t<div data-elementor-type=\"wp-page\" data-elementor-id=\"747\" class=\"elementor elementor-747 elementor-244\" data-elementor-post-type=\"page\">\n\t\t\t\t<div class=\"elementor-element elementor-element-6f4fe62 e-con-full e-flex e-con e-parent\" data-id=\"6f4fe62\" data-element_type=\"container\" data-e-type=\"container\" data-settings=\"{&quot;background_background&quot;:&quot;classic&quot;}\">\n\t\t<div class=\"elementor-element elementor-element-e0ff350 e-con-full e-flex e-con e-child\" data-id=\"e0ff350\" data-element_type=\"container\" data-e-type=\"container\">\n\t\t\t\t<div class=\"elementor-element elementor-element-219cbf5 animated-slow elementor-invisible elementor-widget elementor-widget-text-editor\" data-id=\"219cbf5\" data-element_type=\"widget\" data-e-type=\"widget\" data-settings=\"{&quot;_animation&quot;:&quot;fadeIn&quot;}\" data-widget_type=\"text-editor.default\">\n\t\t\t\t\t\t\t\t\t<p>Les Corones<\/p>\t\t\t\t\t\t\t\t<\/div>\n\t\t\t\t<div class=\"elementor-element elementor-element-32e365e animated-slow elementor-invisible elementor-widget elementor-widget-heading\" data-id=\"32e365e\" data-element_type=\"widget\" data-e-type=\"widget\" data-settings=\"{&quot;_animation&quot;:&quot;fadeIn&quot;,&quot;_animation_delay&quot;:200}\" data-widget_type=\"heading.default\">\n\t\t\t\t\t<h1 class=\"elementor-heading-title elementor-size-default\">Estamos en L'Estartit<\/h1>\t\t\t\t<\/div>\n\t\t\t\t<div class=\"elementor-element elementor-element-8380592 animated-slow elementor-invisible elementor-widget elementor-widget-text-editor\" data-id=\"8380592\" data-element_type=\"widget\" data-e-type=\"widget\" data-settings=\"{&quot;_animation&quot;:&quot;fadeIn&quot;,&quot;_animation_delay&quot;:400}\" data-widget_type=\"text-editor.default\">\n\t\t\t\t\t\t\t\t\t<p>En pleno Parque Natural del Montgr\u00ed, las Islas Medas y el Baix Ter<\/p>\t\t\t\t\t\t\t\t<\/div>\n\t\t\t\t<\/div>\n\t\t<div class=\"elementor-element elementor-element-744bdf3 e-con-full animated-slow e-flex elementor-invisible e-con e-child\" data-id=\"744bdf3\" data-element_type=\"container\" data-e-type=\"container\" data-settings=\"{&quot;animation&quot;:&quot;fadeIn&quot;,&quot;animation_delay&quot;:600}\">\n\t\t\t\t<div class=\"elementor-element elementor-element-ee3eafe elementor-widget elementor-widget-text-editor\" data-id=\"ee3eafe\" data-element_type=\"widget\" data-e-type=\"widget\" data-widget_type=\"text-editor.default\">\n\t\t\t\t\t\t\t\t\t<p><strong>IMPORTANTE &#8211; VIGENCIA DE LAS RESERVAS<\/strong><\/p><p>Las reservas se mantendr\u00e1n un m\u00e1ximo de 15 minutos (si no se avisa por tel\u00e9fono del retraso al <a href=\"tel:681210841\">+34 681 21 08 41<\/a> se dar\u00e1 por perdida la reserva para garantizar la calidad de nuestro servicio). Las reservas solo ser\u00e1n v\u00e1lidas si reciben una confirmaci\u00f3n por escrito v\u00eda correo electr\u00f3nico.<\/p>\t\t\t\t\t\t\t\t<\/div>\n\t\t\t\t<div class=\"elementor-element elementor-element-15354a4 elementor-widget elementor-widget-text-editor\" data-id=\"15354a4\" data-element_type=\"widget\" data-e-type=\"widget\" data-widget_type=\"text-editor.default\">\n\t\t\t\t\t\t\t\t\t<p><strong>RESERVAS PARA GRUPOS<\/strong><\/p><p>MESAS DE M\u00c1S DE 6 PERSONAS<\/p><p>En Les Corones consideramos las mesas de m\u00e1s de 6 personas como un grupo. Los grupos deben <a href=\"https:\/\/lescorones.cat\/menus-grups\/\" target=\"_blank\" rel=\"noopener\">elegir uno de los tres men\u00fas disponibles<\/a> por mesa completa. Al momento de hacer la reserva, se debe abonar el 50% del importe. Una vez recibida la paga y se\u00f1al, enviaremos confirmaci\u00f3n de la reserva. El resto se pagar\u00e1 el mismo d\u00eda de la comida.<\/p>\t\t\t\t\t\t\t\t<\/div>\n\t\t\t\t<\/div>\n\t\t\t\t<\/div>\n\t\t<div class=\"elementor-element elementor-element-118c98e e-con-full e-flex e-con e-parent\" data-id=\"118c98e\" data-element_type=\"container\" data-e-type=\"container\">\n\t\t<div class=\"elementor-element elementor-element-09d86dd e-con-full e-flex e-con e-child\" data-id=\"09d86dd\" data-element_type=\"container\" data-e-type=\"container\">\n\t\t\t\t<div class=\"elementor-element elementor-element-f49f6c8 animated-slow elementor-invisible elementor-widget elementor-widget-heading\" data-id=\"f49f6c8\" data-element_type=\"widget\" data-e-type=\"widget\" data-settings=\"{&quot;_animation&quot;:&quot;fadeIn&quot;}\" data-widget_type=\"heading.default\">\n\t\t\t\t\t<h2 class=\"elementor-heading-title elementor-size-default\">Reserva online<\/h2>\t\t\t\t<\/div>\n\t\t\t\t<div class=\"elementor-element elementor-element-ca65365 animated-slow elementor-invisible elementor-widget elementor-widget-button\" data-id=\"ca65365\" data-element_type=\"widget\" data-e-type=\"widget\" data-settings=\"{&quot;_animation&quot;:&quot;fadeIn&quot;,&quot;_animation_delay&quot;:200}\" data-widget_type=\"button.default\">\n\t\t\t\t\t\t\t\t\t\t<a class=\"elementor-button elementor-button-link elementor-size-sm\" href=\"https:\/\/lescorones.myrestoo.net\/ca\/standby\/bookings\" target=\"_blank\">\n\t\t\t\t\t\t<span class=\"elementor-button-content-wrapper\">\n\t\t\t\t\t\t\t\t\t<span class=\"elementor-button-text\">Reserva ahora<\/span>\n\t\t\t\t\t<\/span>\n\t\t\t\t\t<\/a>\n\t\t\t\t\t\t\t\t<\/div>\n\t\t\t\t<\/div>\n\t\t\t\t<\/div>\n\t\t<div class=\"elementor-element elementor-element-98b6ecd e-con-full e-flex e-con e-parent\" data-id=\"98b6ecd\" data-element_type=\"container\" data-e-type=\"container\">\n\t\t<div class=\"elementor-element elementor-element-84a7221 e-con-full e-flex e-con e-child\" data-id=\"84a7221\" data-element_type=\"container\" data-e-type=\"container\">\n\t\t\t\t<div class=\"elementor-element elementor-element-797a04c animated-slow elementor-invisible elementor-widget elementor-widget-heading\" data-id=\"797a04c\" data-element_type=\"widget\" data-e-type=\"widget\" data-settings=\"{&quot;_animation&quot;:&quot;fadeIn&quot;}\" data-widget_type=\"heading.default\">\n\t\t\t\t\t<h2 class=\"elementor-heading-title elementor-size-default\">Reserva por tel\u00e9fono<\/h2>\t\t\t\t<\/div>\n\t\t\t\t<div class=\"elementor-element elementor-element-dcd18c4 animated-slow elementor-invisible elementor-widget elementor-widget-text-editor\" data-id=\"dcd18c4\" data-element_type=\"widget\" data-e-type=\"widget\" data-settings=\"{&quot;_animation&quot;:&quot;fadeIn&quot;,&quot;_animation_delay&quot;:200}\" data-widget_type=\"text-editor.default\">\n\t\t\t\t\t\t\t\t\t<p>Ninguna reserva ser\u00e1 v\u00e1lida si no est\u00e1 confirmada.<\/p>\t\t\t\t\t\t\t\t<\/div>\n\t\t\t\t<div class=\"elementor-element elementor-element-8f47ebc animated-slow elementor-invisible elementor-widget elementor-widget-text-editor\" data-id=\"8f47ebc\" data-element_type=\"widget\" data-e-type=\"widget\" data-settings=\"{&quot;_animation&quot;:&quot;fadeIn&quot;,&quot;_animation_delay&quot;:400}\" data-widget_type=\"text-editor.default\">\n\t\t\t\t\t\t\t\t\t<p>La confirmaci\u00f3n consiste en un mensaje que dice: \u2018La reserva est\u00e1 confirmada\u2019 y concreta el d\u00eda y la hora de la reserva y el n\u00famero de personas que incluye la reserva.<\/p><p>En este mensaje de confirmaci\u00f3n, adem\u00e1s, existen estas opciones:<\/p><ul><li>Avisar de la reserva a sus acompa\u00f1antes por WhatsApp o por correo electr\u00f3nico<\/li><li>Ver nuestra carta<\/li><li>A\u00f1adir su reserva a su calendario<\/li><li>Cancelar su reserva<\/li><li>Indicaciones para llegar a nuestro restaurante<\/li><\/ul>\t\t\t\t\t\t\t\t<\/div>\n\t\t\t\t<div class=\"elementor-element elementor-element-d1077c3 animated-slow elementor-invisible elementor-widget elementor-widget-button\" data-id=\"d1077c3\" data-element_type=\"widget\" data-e-type=\"widget\" data-settings=\"{&quot;_animation&quot;:&quot;fadeIn&quot;,&quot;_animation_delay&quot;:600}\" data-widget_type=\"button.default\">\n\t\t\t\t\t\t\t\t\t\t<a class=\"elementor-button elementor-button-link elementor-size-sm\" href=\"tel:681210841\" target=\"_blank\">\n\t\t\t\t\t\t<span class=\"elementor-button-content-wrapper\">\n\t\t\t\t\t\t<span class=\"elementor-button-icon\">\n\t\t\t\t<svg aria-hidden=\"true\" class=\"e-font-icon-svg e-fas-phone-alt\" viewBox=\"0 0 512 512\" xmlns=\"http:\/\/www.w3.org\/2000\/svg\"><path d=\"M497.39 361.8l-112-48a24 24 0 0 0-28 6.9l-49.6 60.6A370.66 370.66 0 0 1 130.6 204.11l60.6-49.6a23.94 23.94 0 0 0 6.9-28l-48-112A24.16 24.16 0 0 0 122.6.61l-104 24A24 24 0 0 0 0 48c0 256.5 207.9 464 464 464a24 24 0 0 0 23.4-18.6l24-104a24.29 24.29 0 0 0-14.01-27.6z\"><\/path><\/svg>\t\t\t<\/span>\n\t\t\t\t\t\t\t\t\t<span class=\"elementor-button-text\">+34 681 21 08 41<\/span>\n\t\t\t\t\t<\/span>\n\t\t\t\t\t<\/a>\n\t\t\t\t\t\t\t\t<\/div>\n\t\t\t\t<\/div>\n\t\t\t\t<\/div>\n\t\t<div class=\"elementor-element elementor-element-0c3271b e-con-full e-flex e-con e-parent\" data-id=\"0c3271b\" data-element_type=\"container\" data-e-type=\"container\" data-settings=\"{&quot;background_background&quot;:&quot;classic&quot;}\">\n\t\t<div class=\"elementor-element elementor-element-e24ef96 e-con-full e-flex e-con e-child\" data-id=\"e24ef96\" data-element_type=\"container\" data-e-type=\"container\">\n\t\t\t\t<div class=\"elementor-element elementor-element-5bbe716 animated-slow elementor-invisible elementor-widget elementor-widget-heading\" data-id=\"5bbe716\" data-element_type=\"widget\" data-e-type=\"widget\" data-settings=\"{&quot;_animation&quot;:&quot;fadeIn&quot;}\" data-widget_type=\"heading.default\">\n\t\t\t\t\t<h3 class=\"elementor-heading-title elementor-size-default\">Tenga en cuenta que<\/h3>\t\t\t\t<\/div>\n\t\t\t\t<\/div>\n\t\t<div class=\"elementor-element elementor-element-dc138ac e-con-full e-flex e-con e-child\" data-id=\"dc138ac\" data-element_type=\"container\" data-e-type=\"container\">\n\t\t\t\t<div class=\"elementor-element elementor-element-13c3f24 animated-slow elementor-invisible elementor-widget elementor-widget-text-editor\" data-id=\"13c3f24\" data-element_type=\"widget\" data-e-type=\"widget\" data-settings=\"{&quot;_animation&quot;:&quot;fadeIn&quot;,&quot;_animation_delay&quot;:200}\" data-widget_type=\"text-editor.default\">\n\t\t\t\t\t\t\t\t\t<p>Queremos ofrecer una experiencia gastron\u00f3mica relajante, en un entorno distendido y sereno, que favorezca la conversaci\u00f3n tranquila y la degustaci\u00f3n sin interrupciones y por eso le pedimos que nos ayude a crear este ambiente.<\/p><p>Para facilitarlo, <strong> <a href=\"https:\/\/lescorones.cat\/wp-content\/uploads\/2023\/08\/Reglament-de-regim-intern-del-Restaurant-Les-Corones.pdf\" target=\"_blank\" rel=\"noopener\">tenemos una serie de indicaciones<\/a> <\/strong>sobre vestimenta, comportamiento, acceso con ni\u00f1os, acceso con mascotas y otras que le pueden ser de utilidad antes de hacer su reserva.<\/p>\t\t\t\t\t\t\t\t<\/div>\n\t\t\t\t<\/div>\n\t\t\t\t<\/div>\n\t\t\t\t<\/div>\n\t\t","protected":false},"excerpt":{"rendered":"<p>Les Corones Estamos en L&#8217;Estartit En pleno Parque Natural del Montgr\u00ed, las Islas Medas y el Baix Ter IMPORTANTE &#8211; VIGENCIA DE LAS RESERVAS Las reservas se mantendr\u00e1n un m\u00e1ximo de 15 minutos (si no se avisa por tel\u00e9fono del retraso al +34 681 21 08 41 se dar\u00e1 por perdida la reserva para garantizar [&hellip;]<\/p>\n","protected":false},"author":1,"featured_media":0,"parent":0,"menu_order":0,"comment_status":"closed","ping_status":"closed","template":"","meta":{"footnotes":""},"class_list":["post-747","page","type-page","status-publish","hentry"],"yoast_head":"<!-- This site is optimized with the Yoast SEO plugin v27.4 - https:\/\/yoast.com\/product\/yoast-seo-wordpress\/ -->\n<title>Reservas en el Restaurante Les Corones | Estartit<\/title>\n<meta name=\"description\" content=\"Reserva mesa en el Restaurante Les Corones de l\u2019Estartit. Reserva online o por tel\u00e9fono, con opciones para grupos y confirmaci\u00f3n inmediata.\" \/>\n<meta name=\"robots\" content=\"index, follow, max-snippet:-1, max-image-preview:large, max-video-preview:-1\" \/>\n<link rel=\"canonical\" href=\"https:\/\/lescorones.cat\/es\/reservas\/\" \/>\n<meta property=\"og:locale\" content=\"es_ES\" \/>\n<meta property=\"og:type\" content=\"article\" \/>\n<meta property=\"og:title\" content=\"Reservas en el Restaurante Les Corones | Estartit\" \/>\n<meta property=\"og:description\" content=\"Reserva mesa en el Restaurante Les Corones de l\u2019Estartit. Reserva online o por tel\u00e9fono, con opciones para grupos y confirmaci\u00f3n inmediata.\" \/>\n<meta property=\"og:url\" content=\"https:\/\/lescorones.cat\/es\/reservas\/\" \/>\n<meta property=\"og:site_name\" content=\"Restaurant braseria Les Corones\" \/>\n<meta property=\"article:modified_time\" content=\"2025-12-15T11:20:58+00:00\" \/>\n<meta name=\"twitter:card\" content=\"summary_large_image\" \/>\n<meta name=\"twitter:label1\" content=\"Tiempo de lectura\" \/>\n\t<meta name=\"twitter:data1\" content=\"2 minutos\" \/>\n<script type=\"application\/ld+json\" class=\"yoast-schema-graph\">{\"@context\":\"https:\\\/\\\/schema.org\",\"@graph\":[{\"@type\":\"WebPage\",\"@id\":\"https:\\\/\\\/lescorones.cat\\\/es\\\/reservas\\\/\",\"url\":\"https:\\\/\\\/lescorones.cat\\\/es\\\/reservas\\\/\",\"name\":\"Reservas en el Restaurante Les Corones | Estartit\",\"isPartOf\":{\"@id\":\"https:\\\/\\\/lescorones.cat\\\/es\\\/#website\"},\"datePublished\":\"2025-12-05T09:38:00+00:00\",\"dateModified\":\"2025-12-15T11:20:58+00:00\",\"description\":\"Reserva mesa en el Restaurante Les Corones de l\u2019Estartit. Reserva online o por tel\u00e9fono, con opciones para grupos y confirmaci\u00f3n inmediata.\",\"breadcrumb\":{\"@id\":\"https:\\\/\\\/lescorones.cat\\\/es\\\/reservas\\\/#breadcrumb\"},\"inLanguage\":\"es\",\"potentialAction\":[{\"@type\":\"ReadAction\",\"target\":[\"https:\\\/\\\/lescorones.cat\\\/es\\\/reservas\\\/\"]}]},{\"@type\":\"BreadcrumbList\",\"@id\":\"https:\\\/\\\/lescorones.cat\\\/es\\\/reservas\\\/#breadcrumb\",\"itemListElement\":[{\"@type\":\"ListItem\",\"position\":1,\"name\":\"Inici\",\"item\":\"https:\\\/\\\/lescorones.cat\\\/es\\\/inicio\\\/\"},{\"@type\":\"ListItem\",\"position\":2,\"name\":\"Reservas\"}]},{\"@type\":\"WebSite\",\"@id\":\"https:\\\/\\\/lescorones.cat\\\/es\\\/#website\",\"url\":\"https:\\\/\\\/lescorones.cat\\\/es\\\/\",\"name\":\"Restaurant braseria Les Corones\",\"description\":\"Restaurant Les Corones, especialitzat en peix a la brasa a l&#039;Estartit\",\"publisher\":{\"@id\":\"https:\\\/\\\/lescorones.cat\\\/es\\\/#organization\"},\"potentialAction\":[{\"@type\":\"SearchAction\",\"target\":{\"@type\":\"EntryPoint\",\"urlTemplate\":\"https:\\\/\\\/lescorones.cat\\\/es\\\/?s={search_term_string}\"},\"query-input\":{\"@type\":\"PropertyValueSpecification\",\"valueRequired\":true,\"valueName\":\"search_term_string\"}}],\"inLanguage\":\"es\"},{\"@type\":\"Organization\",\"@id\":\"https:\\\/\\\/lescorones.cat\\\/es\\\/#organization\",\"name\":\"Restaurant braseria Les Corones\",\"url\":\"https:\\\/\\\/lescorones.cat\\\/es\\\/\",\"logo\":{\"@type\":\"ImageObject\",\"inLanguage\":\"es\",\"@id\":\"https:\\\/\\\/lescorones.cat\\\/es\\\/#\\\/schema\\\/logo\\\/image\\\/\",\"url\":\"https:\\\/\\\/lescorones.cat\\\/wp-content\\\/uploads\\\/2025\\\/12\\\/VERSIO_HORITZONTAL_WEB_Apaisat.jpg\",\"contentUrl\":\"https:\\\/\\\/lescorones.cat\\\/wp-content\\\/uploads\\\/2025\\\/12\\\/VERSIO_HORITZONTAL_WEB_Apaisat.jpg\",\"width\":1754,\"height\":500,\"caption\":\"Restaurant braseria Les Corones\"},\"image\":{\"@id\":\"https:\\\/\\\/lescorones.cat\\\/es\\\/#\\\/schema\\\/logo\\\/image\\\/\"}}]}<\/script>\n<!-- \/ Yoast SEO plugin. -->","yoast_head_json":{"title":"Reservas en el Restaurante Les Corones | Estartit","description":"Reserva mesa en el Restaurante Les Corones de l\u2019Estartit. Reserva online o por tel\u00e9fono, con opciones para grupos y confirmaci\u00f3n inmediata.","robots":{"index":"index","follow":"follow","max-snippet":"max-snippet:-1","max-image-preview":"max-image-preview:large","max-video-preview":"max-video-preview:-1"},"canonical":"https:\/\/lescorones.cat\/es\/reservas\/","og_locale":"es_ES","og_type":"article","og_title":"Reservas en el Restaurante Les Corones | Estartit","og_description":"Reserva mesa en el Restaurante Les Corones de l\u2019Estartit. Reserva online o por tel\u00e9fono, con opciones para grupos y confirmaci\u00f3n inmediata.","og_url":"https:\/\/lescorones.cat\/es\/reservas\/","og_site_name":"Restaurant braseria Les Corones","article_modified_time":"2025-12-15T11:20:58+00:00","twitter_card":"summary_large_image","twitter_misc":{"Tiempo de lectura":"2 minutos"},"schema":{"@context":"https:\/\/schema.org","@graph":[{"@type":"WebPage","@id":"https:\/\/lescorones.cat\/es\/reservas\/","url":"https:\/\/lescorones.cat\/es\/reservas\/","name":"Reservas en el Restaurante Les Corones | Estartit","isPartOf":{"@id":"https:\/\/lescorones.cat\/es\/#website"},"datePublished":"2025-12-05T09:38:00+00:00","dateModified":"2025-12-15T11:20:58+00:00","description":"Reserva mesa en el Restaurante Les Corones de l\u2019Estartit. Reserva online o por tel\u00e9fono, con opciones para grupos y confirmaci\u00f3n inmediata.","breadcrumb":{"@id":"https:\/\/lescorones.cat\/es\/reservas\/#breadcrumb"},"inLanguage":"es","potentialAction":[{"@type":"ReadAction","target":["https:\/\/lescorones.cat\/es\/reservas\/"]}]},{"@type":"BreadcrumbList","@id":"https:\/\/lescorones.cat\/es\/reservas\/#breadcrumb","itemListElement":[{"@type":"ListItem","position":1,"name":"Inici","item":"https:\/\/lescorones.cat\/es\/inicio\/"},{"@type":"ListItem","position":2,"name":"Reservas"}]},{"@type":"WebSite","@id":"https:\/\/lescorones.cat\/es\/#website","url":"https:\/\/lescorones.cat\/es\/","name":"Restaurant braseria Les Corones","description":"Restaurant Les Corones, especialitzat en peix a la brasa a l&#039;Estartit","publisher":{"@id":"https:\/\/lescorones.cat\/es\/#organization"},"potentialAction":[{"@type":"SearchAction","target":{"@type":"EntryPoint","urlTemplate":"https:\/\/lescorones.cat\/es\/?s={search_term_string}"},"query-input":{"@type":"PropertyValueSpecification","valueRequired":true,"valueName":"search_term_string"}}],"inLanguage":"es"},{"@type":"Organization","@id":"https:\/\/lescorones.cat\/es\/#organization","name":"Restaurant braseria Les Corones","url":"https:\/\/lescorones.cat\/es\/","logo":{"@type":"ImageObject","inLanguage":"es","@id":"https:\/\/lescorones.cat\/es\/#\/schema\/logo\/image\/","url":"https:\/\/lescorones.cat\/wp-content\/uploads\/2025\/12\/VERSIO_HORITZONTAL_WEB_Apaisat.jpg","contentUrl":"https:\/\/lescorones.cat\/wp-content\/uploads\/2025\/12\/VERSIO_HORITZONTAL_WEB_Apaisat.jpg","width":1754,"height":500,"caption":"Restaurant braseria Les Corones"},"image":{"@id":"https:\/\/lescorones.cat\/es\/#\/schema\/logo\/image\/"}}]}},"_links":{"self":[{"href":"https:\/\/lescorones.cat\/es\/wp-json\/wp\/v2\/pages\/747","targetHints":{"allow":["GET"]}}],"collection":[{"href":"https:\/\/lescorones.cat\/es\/wp-json\/wp\/v2\/pages"}],"about":[{"href":"https:\/\/lescorones.cat\/es\/wp-json\/wp\/v2\/types\/page"}],"author":[{"embeddable":true,"href":"https:\/\/lescorones.cat\/es\/wp-json\/wp\/v2\/users\/1"}],"replies":[{"embeddable":true,"href":"https:\/\/lescorones.cat\/es\/wp-json\/wp\/v2\/comments?post=747"}],"version-history":[{"count":1,"href":"https:\/\/lescorones.cat\/es\/wp-json\/wp\/v2\/pages\/747\/revisions"}],"predecessor-version":[{"id":750,"href":"https:\/\/lescorones.cat\/es\/wp-json\/wp\/v2\/pages\/747\/revisions\/750"}],"wp:attachment":[{"href":"https:\/\/lescorones.cat\/es\/wp-json\/wp\/v2\/media?parent=747"}],"curies":[{"name":"wp","href":"https:\/\/api.w.org\/{rel}","templated":true}]}}